{"id":2297,"date":"2024-02-01T19:48:44","date_gmt":"2024-02-01T22:48:44","guid":{"rendered":"https:\/\/environpact.com\/?page_id=2297"},"modified":"2025-01-23T14:33:13","modified_gmt":"2025-01-23T17:33:13","slug":"history","status":"publish","type":"page","link":"https:\/\/environpact.com\/en\/aboutus\/history\/","title":{"rendered":"HISTORY"},"content":{"rendered":"\n<p>EnvironPact was founded in 2008 by three independent partners who worked under contract partnerships with <a href=\"http:\/\/oceanpact.com\" data-type=\"link\" data-id=\"oceanpact.com\">OceanPact<\/a>. EnvironPact\u2019s original mission was to provide high-quality technical consulting services customized to the needs of its clients.<\/p>\n\n\n\n<p>At that time, EnvironPact operated in environmental control and prevention of risks to operational safety and the environment. The portfolio expanded with the partnership with <a href=\"http:\/\/oceanpact.com\">OceanPact <\/a>when EnvironPact also began offering emergency preparedness and management consulting services.<\/p>\n\n\n\n<p>In 2011, we became O&#8217;Brien&#8217;s do Brasil. About a year later, O&#8217;Brien&#8217;s Response Management formed a joint venture with Witt Associates, becoming Witt O&#8217;Brien&#8217;s do Brasil, expanding the range of services and products offered to our clients. In 2023, OceanPact fully acquired Witt O\u2019Brien\u2019s USA&#8217;s stake in the joint venture Witt O\u2019Brien\u2019s do Brasil. <br><br>At this time, EnvironPact, OceanPact&#8217;s consulting unit, reverted to its original name, but now with a full name: EnvironPact Sustentabilidade e Resili\u00eancia. With the acquisition, EnvironPact Sustentabilidade e Resili\u00eancia becomes 100% Brazilian, maintaining its portfolio of services and products in Sustainability, Risk and Operational Safety and Resilience consulting.<\/p>\n","protected":false},"excerpt":{"rendered":"<p>EnvironPact was founded in 2008 by three independent partners who worked under contract partnerships with OceanPact. EnvironPact\u2019s original mission was to provide high-quality technical consulting services customized to the needs of its clients. At that time, EnvironPact operated in environmental control and prevention of risks to operational safety and the environment. The portfolio expanded with\u2026<\/p>\n","protected":false},"author":10,"featured_media":1838,"parent":2294,"menu_order":7,"comment_status":"closed","ping_status":"closed","template":"page-historico.php","meta":{"_acf_changed":false,"footnotes":""},"class_list":["post-2297","page","type-page","status-publish","has-post-thumbnail","hentry"],"acf":[],"yoast_head":"<!-- This site is optimized with the Yoast SEO plugin v24.5 - https:\/\/yoast.com\/wordpress\/plugins\/seo\/ -->\n<title>HISTORY - EnvironPact<\/title>\n<meta name=\"robots\" content=\"index, follow, max-snippet:-1, max-image-preview:large, max-video-preview:-1\" \/>\n<link rel=\"canonical\" href=\"https:\/\/environpact.com\/en\/aboutus\/history\/\" \/>\n<meta property=\"og:locale\" content=\"en_US\" \/>\n<meta property=\"og:type\" content=\"article\" \/>\n<meta property=\"og:title\" content=\"HISTORY - EnvironPact\" \/>\n<meta property=\"og:description\" content=\"EnvironPact was founded in 2008 by three independent partners who worked under contract partnerships with OceanPact. EnvironPact\u2019s original mission was to provide high-quality technical consulting services customized to the needs of its clients. At that time, EnvironPact operated in environmental control and prevention of risks to operational safety and the environment. The portfolio expanded with\u2026\" \/>\n<meta property=\"og:url\" content=\"https:\/\/environpact.com\/en\/aboutus\/history\/\" \/>\n<meta property=\"og:site_name\" content=\"EnvironPact\" \/>\n<meta property=\"article:modified_time\" content=\"2025-01-23T17:33:13+00:00\" \/>\n<meta property=\"og:image\" content=\"https:\/\/environpact.com\/wp-content\/uploads\/2024\/02\/bg-historia.jpg\" \/>\n\t<meta property=\"og:image:width\" content=\"1439\" \/>\n\t<meta property=\"og:image:height\" content=\"600\" \/>\n\t<meta property=\"og:image:type\" content=\"image\/jpeg\" \/>\n<meta name=\"twitter:card\" content=\"summary_large_image\" \/>\n<meta name=\"twitter:label1\" content=\"Est. reading time\" \/>\n\t<meta name=\"twitter:data1\" content=\"1 minute\" \/>\n<script type=\"application\/ld+json\" class=\"yoast-schema-graph\">{\"@context\":\"https:\/\/schema.org\",\"@graph\":[{\"@type\":\"WebPage\",\"@id\":\"https:\/\/environpact.com\/en\/aboutus\/history\/\",\"url\":\"https:\/\/environpact.com\/en\/aboutus\/history\/\",\"name\":\"HISTORY - EnvironPact\",\"isPartOf\":{\"@id\":\"https:\/\/environpact.com\/en\/#website\"},\"primaryImageOfPage\":{\"@id\":\"https:\/\/environpact.com\/en\/aboutus\/history\/#primaryimage\"},\"image\":{\"@id\":\"https:\/\/environpact.com\/en\/aboutus\/history\/#primaryimage\"},\"thumbnailUrl\":\"https:\/\/environpact.com\/wp-content\/uploads\/2024\/02\/bg-historia.jpg\",\"datePublished\":\"2024-02-01T22:48:44+00:00\",\"dateModified\":\"2025-01-23T17:33:13+00:00\",\"breadcrumb\":{\"@id\":\"https:\/\/environpact.com\/en\/aboutus\/history\/#breadcrumb\"},\"inLanguage\":\"en-US\",\"potentialAction\":[{\"@type\":\"ReadAction\",\"target\":[\"https:\/\/environpact.com\/en\/aboutus\/history\/\"]}]},{\"@type\":\"ImageObject\",\"inLanguage\":\"en-US\",\"@id\":\"https:\/\/environpact.com\/en\/aboutus\/history\/#primaryimage\",\"url\":\"https:\/\/environpact.com\/wp-content\/uploads\/2024\/02\/bg-historia.jpg\",\"contentUrl\":\"https:\/\/environpact.com\/wp-content\/uploads\/2024\/02\/bg-historia.jpg\",\"width\":1439,\"height\":600},{\"@type\":\"BreadcrumbList\",\"@id\":\"https:\/\/environpact.com\/en\/aboutus\/history\/#breadcrumb\",\"itemListElement\":[{\"@type\":\"ListItem\",\"position\":1,\"name\":\"In\u00edcio\",\"item\":\"https:\/\/environpact.com\/en\/home\/\"},{\"@type\":\"ListItem\",\"position\":2,\"name\":\"ABOUT US\",\"item\":\"https:\/\/environpact.com\/en\/aboutus\/\"},{\"@type\":\"ListItem\",\"position\":3,\"name\":\"HISTORY\"}]},{\"@type\":\"WebSite\",\"@id\":\"https:\/\/environpact.com\/en\/#website\",\"url\":\"https:\/\/environpact.com\/en\/\",\"name\":\"EnvironPact\",\"description\":\"Servi\u00e7os de consultoria t\u00e9cnica para impacto positivo nas \u00e1reas de Sustentabilidade, Risco e Seguran\u00e7a Operacional e Resili\u00eancia\",\"publisher\":{\"@id\":\"https:\/\/environpact.com\/en\/#organization\"},\"potentialAction\":[{\"@type\":\"SearchAction\",\"target\":{\"@type\":\"EntryPoint\",\"urlTemplate\":\"https:\/\/environpact.com\/en\/?s={search_term_string}\"},\"query-input\":{\"@type\":\"PropertyValueSpecification\",\"valueRequired\":true,\"valueName\":\"search_term_string\"}}],\"inLanguage\":\"en-US\"},{\"@type\":\"Organization\",\"@id\":\"https:\/\/environpact.com\/en\/#organization\",\"name\":\"EnvironPact\",\"url\":\"https:\/\/environpact.com\/en\/\",\"logo\":{\"@type\":\"ImageObject\",\"inLanguage\":\"en-US\",\"@id\":\"https:\/\/environpact.com\/en\/#\/schema\/logo\/image\/\",\"url\":\"https:\/\/environpact.com\/wp-content\/uploads\/2024\/02\/logo-environpact-green.svg\",\"contentUrl\":\"https:\/\/environpact.com\/wp-content\/uploads\/2024\/02\/logo-environpact-green.svg\",\"width\":153,\"height\":53,\"caption\":\"EnvironPact\"},\"image\":{\"@id\":\"https:\/\/environpact.com\/en\/#\/schema\/logo\/image\/\"}}]}<\/script>\n<!-- \/ Yoast SEO plugin. -->","yoast_head_json":{"title":"HISTORY - EnvironPact","robots":{"index":"index","follow":"follow","max-snippet":"max-snippet:-1","max-image-preview":"max-image-preview:large","max-video-preview":"max-video-preview:-1"},"canonical":"https:\/\/environpact.com\/en\/aboutus\/history\/","og_locale":"en_US","og_type":"article","og_title":"HISTORY - EnvironPact","og_description":"EnvironPact was founded in 2008 by three independent partners who worked under contract partnerships with OceanPact. EnvironPact\u2019s original mission was to provide high-quality technical consulting services customized to the needs of its clients. At that time, EnvironPact operated in environmental control and prevention of risks to operational safety and the environment. The portfolio expanded with\u2026","og_url":"https:\/\/environpact.com\/en\/aboutus\/history\/","og_site_name":"EnvironPact","article_modified_time":"2025-01-23T17:33:13+00:00","og_image":[{"width":1439,"height":600,"url":"https:\/\/environpact.com\/wp-content\/uploads\/2024\/02\/bg-historia.jpg","type":"image\/jpeg"}],"twitter_card":"summary_large_image","twitter_misc":{"Est. reading time":"1 minute"},"schema":{"@context":"https:\/\/schema.org","@graph":[{"@type":"WebPage","@id":"https:\/\/environpact.com\/en\/aboutus\/history\/","url":"https:\/\/environpact.com\/en\/aboutus\/history\/","name":"HISTORY - EnvironPact","isPartOf":{"@id":"https:\/\/environpact.com\/en\/#website"},"primaryImageOfPage":{"@id":"https:\/\/environpact.com\/en\/aboutus\/history\/#primaryimage"},"image":{"@id":"https:\/\/environpact.com\/en\/aboutus\/history\/#primaryimage"},"thumbnailUrl":"https:\/\/environpact.com\/wp-content\/uploads\/2024\/02\/bg-historia.jpg","datePublished":"2024-02-01T22:48:44+00:00","dateModified":"2025-01-23T17:33:13+00:00","breadcrumb":{"@id":"https:\/\/environpact.com\/en\/aboutus\/history\/#breadcrumb"},"inLanguage":"en-US","potentialAction":[{"@type":"ReadAction","target":["https:\/\/environpact.com\/en\/aboutus\/history\/"]}]},{"@type":"ImageObject","inLanguage":"en-US","@id":"https:\/\/environpact.com\/en\/aboutus\/history\/#primaryimage","url":"https:\/\/environpact.com\/wp-content\/uploads\/2024\/02\/bg-historia.jpg","contentUrl":"https:\/\/environpact.com\/wp-content\/uploads\/2024\/02\/bg-historia.jpg","width":1439,"height":600},{"@type":"BreadcrumbList","@id":"https:\/\/environpact.com\/en\/aboutus\/history\/#breadcrumb","itemListElement":[{"@type":"ListItem","position":1,"name":"In\u00edcio","item":"https:\/\/environpact.com\/en\/home\/"},{"@type":"ListItem","position":2,"name":"ABOUT US","item":"https:\/\/environpact.com\/en\/aboutus\/"},{"@type":"ListItem","position":3,"name":"HISTORY"}]},{"@type":"WebSite","@id":"https:\/\/environpact.com\/en\/#website","url":"https:\/\/environpact.com\/en\/","name":"EnvironPact","description":"Servi\u00e7os de consultoria t\u00e9cnica para impacto positivo nas \u00e1reas de Sustentabilidade, Risco e Seguran\u00e7a Operacional e Resili\u00eancia","publisher":{"@id":"https:\/\/environpact.com\/en\/#organization"},"potentialAction":[{"@type":"SearchAction","target":{"@type":"EntryPoint","urlTemplate":"https:\/\/environpact.com\/en\/?s={search_term_string}"},"query-input":{"@type":"PropertyValueSpecification","valueRequired":true,"valueName":"search_term_string"}}],"inLanguage":"en-US"},{"@type":"Organization","@id":"https:\/\/environpact.com\/en\/#organization","name":"EnvironPact","url":"https:\/\/environpact.com\/en\/","logo":{"@type":"ImageObject","inLanguage":"en-US","@id":"https:\/\/environpact.com\/en\/#\/schema\/logo\/image\/","url":"https:\/\/environpact.com\/wp-content\/uploads\/2024\/02\/logo-environpact-green.svg","contentUrl":"https:\/\/environpact.com\/wp-content\/uploads\/2024\/02\/logo-environpact-green.svg","width":153,"height":53,"caption":"EnvironPact"},"image":{"@id":"https:\/\/environpact.com\/en\/#\/schema\/logo\/image\/"}}]}},"_links":{"self":[{"href":"https:\/\/environpact.com\/en\/wp-json\/wp\/v2\/pages\/2297","targetHints":{"allow":["GET"]}}],"collection":[{"href":"https:\/\/environpact.com\/en\/wp-json\/wp\/v2\/pages"}],"about":[{"href":"https:\/\/environpact.com\/en\/wp-json\/wp\/v2\/types\/page"}],"author":[{"embeddable":true,"href":"https:\/\/environpact.com\/en\/wp-json\/wp\/v2\/users\/10"}],"replies":[{"embeddable":true,"href":"https:\/\/environpact.com\/en\/wp-json\/wp\/v2\/comments?post=2297"}],"version-history":[{"count":2,"href":"https:\/\/environpact.com\/en\/wp-json\/wp\/v2\/pages\/2297\/revisions"}],"predecessor-version":[{"id":2299,"href":"https:\/\/environpact.com\/en\/wp-json\/wp\/v2\/pages\/2297\/revisions\/2299"}],"up":[{"embeddable":true,"href":"https:\/\/environpact.com\/en\/wp-json\/wp\/v2\/pages\/2294"}],"wp:featuredmedia":[{"embeddable":true,"href":"https:\/\/environpact.com\/en\/wp-json\/wp\/v2\/media\/1838"}],"wp:attachment":[{"href":"https:\/\/environpact.com\/en\/wp-json\/wp\/v2\/media?parent=2297"}],"curies":[{"name":"wp","href":"https:\/\/api.w.org\/{rel}","templated":true}]}}