{"id":2303,"date":"2024-02-02T10:37:43","date_gmt":"2024-02-02T13:37:43","guid":{"rendered":"https:\/\/environpact.com\/?page_id=2303"},"modified":"2025-01-23T15:08:49","modified_gmt":"2025-01-23T18:08:49","slug":"governance-and-integrity","status":"publish","type":"page","link":"https:\/\/environpact.com\/en\/aboutus\/governance-and-integrity\/","title":{"rendered":"GOVERNANCE AND INTEGRITY"},"content":{"rendered":"\n<p>EnvironPact Sustentabilidade e Resili\u00eancia is a consulting company based on OceanPact&#8217;s structure. This 100% Brazilian company develops and implements safe, efficient and innovative solutions in the areas of environment, underwater operations, logistical support and engineering.<\/p>\n\n\n\n<p>Transparency is in OceanPact\u2019s DNA. As the basis of our organizational culture, integrity guides our company\u2019s services, attitudes and relationships, including selecting our business partners.<\/p>\n\n\n\n<p>We strictly comply with Brazilian and international legislation, including anti-bribery and anti-corruption laws, through permanent monitoring of our activities.<\/p>\n\n\n\n<p>Direct communication between our employees and the Board of Directors allows us to identify and suppress inappropriate or illegal behavior. Such incidents can be reported through our <a href=\"https:\/\/etica.resguarda.com\/oceanpact\/home.html\">Whistleblower Channel<\/a>, through which we guarantee complete confidentiality and non-retaliation against the whistleblower. Access our Code of Ethics and Conduct, as well as our Sustainability Reports and our Policies, to learn more about the practices adopted by OceanPact.<\/p>\n","protected":false},"excerpt":{"rendered":"<p>EnvironPact Sustentabilidade e Resili\u00eancia is a consulting company based on OceanPact&#8217;s structure. This 100% Brazilian company develops and implements safe, efficient and innovative solutions in the areas of environment, underwater operations, logistical support and engineering. Transparency is in OceanPact\u2019s DNA. As the basis of our organizational culture, integrity guides our company\u2019s services, attitudes and relationships,\u2026<\/p>\n","protected":false},"author":10,"featured_media":1872,"parent":2294,"menu_order":9,"comment_status":"closed","ping_status":"closed","template":"page-governanca-e-integridade.php","meta":{"_acf_changed":false,"footnotes":""},"class_list":["post-2303","page","type-page","status-publish","has-post-thumbnail","hentry"],"acf":[],"yoast_head":"<!-- This site is optimized with the Yoast SEO plugin v24.5 - https:\/\/yoast.com\/wordpress\/plugins\/seo\/ -->\n<title>GOVERNANCE AND INTEGRITY - EnvironPact<\/title>\n<meta name=\"robots\" content=\"index, follow, max-snippet:-1, max-image-preview:large, max-video-preview:-1\" \/>\n<link rel=\"canonical\" href=\"https:\/\/environpact.com\/en\/aboutus\/governance-and-integrity\/\" \/>\n<meta property=\"og:locale\" content=\"en_US\" \/>\n<meta property=\"og:type\" content=\"article\" \/>\n<meta property=\"og:title\" content=\"GOVERNANCE AND INTEGRITY - EnvironPact\" \/>\n<meta property=\"og:description\" content=\"EnvironPact Sustentabilidade e Resili\u00eancia is a consulting company based on OceanPact&#8217;s structure. This 100% Brazilian company develops and implements safe, efficient and innovative solutions in the areas of environment, underwater operations, logistical support and engineering. Transparency is in OceanPact\u2019s DNA. As the basis of our organizational culture, integrity guides our company\u2019s services, attitudes and relationships,\u2026\" \/>\n<meta property=\"og:url\" content=\"https:\/\/environpact.com\/en\/aboutus\/governance-and-integrity\/\" \/>\n<meta property=\"og:site_name\" content=\"EnvironPact\" \/>\n<meta property=\"article:modified_time\" content=\"2025-01-23T18:08:49+00:00\" \/>\n<meta property=\"og:image\" content=\"https:\/\/environpact.com\/wp-content\/uploads\/2024\/02\/bg-governanca-e-integridade.jpg\" \/>\n\t<meta property=\"og:image:width\" content=\"1440\" \/>\n\t<meta property=\"og:image:height\" content=\"600\" \/>\n\t<meta property=\"og:image:type\" content=\"image\/jpeg\" \/>\n<meta name=\"twitter:card\" content=\"summary_large_image\" \/>\n<meta name=\"twitter:label1\" content=\"Est. reading time\" \/>\n\t<meta name=\"twitter:data1\" content=\"1 minute\" \/>\n<script type=\"application\/ld+json\" class=\"yoast-schema-graph\">{\"@context\":\"https:\/\/schema.org\",\"@graph\":[{\"@type\":\"WebPage\",\"@id\":\"https:\/\/environpact.com\/en\/aboutus\/governance-and-integrity\/\",\"url\":\"https:\/\/environpact.com\/en\/aboutus\/governance-and-integrity\/\",\"name\":\"GOVERNANCE AND INTEGRITY - EnvironPact\",\"isPartOf\":{\"@id\":\"https:\/\/environpact.com\/en\/#website\"},\"primaryImageOfPage\":{\"@id\":\"https:\/\/environpact.com\/en\/aboutus\/governance-and-integrity\/#primaryimage\"},\"image\":{\"@id\":\"https:\/\/environpact.com\/en\/aboutus\/governance-and-integrity\/#primaryimage\"},\"thumbnailUrl\":\"https:\/\/environpact.com\/wp-content\/uploads\/2024\/02\/bg-governanca-e-integridade.jpg\",\"datePublished\":\"2024-02-02T13:37:43+00:00\",\"dateModified\":\"2025-01-23T18:08:49+00:00\",\"breadcrumb\":{\"@id\":\"https:\/\/environpact.com\/en\/aboutus\/governance-and-integrity\/#breadcrumb\"},\"inLanguage\":\"en-US\",\"potentialAction\":[{\"@type\":\"ReadAction\",\"target\":[\"https:\/\/environpact.com\/en\/aboutus\/governance-and-integrity\/\"]}]},{\"@type\":\"ImageObject\",\"inLanguage\":\"en-US\",\"@id\":\"https:\/\/environpact.com\/en\/aboutus\/governance-and-integrity\/#primaryimage\",\"url\":\"https:\/\/environpact.com\/wp-content\/uploads\/2024\/02\/bg-governanca-e-integridade.jpg\",\"contentUrl\":\"https:\/\/environpact.com\/wp-content\/uploads\/2024\/02\/bg-governanca-e-integridade.jpg\",\"width\":1440,\"height\":600},{\"@type\":\"BreadcrumbList\",\"@id\":\"https:\/\/environpact.com\/en\/aboutus\/governance-and-integrity\/#breadcrumb\",\"itemListElement\":[{\"@type\":\"ListItem\",\"position\":1,\"name\":\"In\u00edcio\",\"item\":\"https:\/\/environpact.com\/en\/home\/\"},{\"@type\":\"ListItem\",\"position\":2,\"name\":\"ABOUT US\",\"item\":\"https:\/\/environpact.com\/en\/aboutus\/\"},{\"@type\":\"ListItem\",\"position\":3,\"name\":\"GOVERNANCE AND INTEGRITY\"}]},{\"@type\":\"WebSite\",\"@id\":\"https:\/\/environpact.com\/en\/#website\",\"url\":\"https:\/\/environpact.com\/en\/\",\"name\":\"EnvironPact\",\"description\":\"Servi\u00e7os de consultoria t\u00e9cnica para impacto positivo nas \u00e1reas de Sustentabilidade, Risco e Seguran\u00e7a Operacional e Resili\u00eancia\",\"publisher\":{\"@id\":\"https:\/\/environpact.com\/en\/#organization\"},\"potentialAction\":[{\"@type\":\"SearchAction\",\"target\":{\"@type\":\"EntryPoint\",\"urlTemplate\":\"https:\/\/environpact.com\/en\/?s={search_term_string}\"},\"query-input\":{\"@type\":\"PropertyValueSpecification\",\"valueRequired\":true,\"valueName\":\"search_term_string\"}}],\"inLanguage\":\"en-US\"},{\"@type\":\"Organization\",\"@id\":\"https:\/\/environpact.com\/en\/#organization\",\"name\":\"EnvironPact\",\"url\":\"https:\/\/environpact.com\/en\/\",\"logo\":{\"@type\":\"ImageObject\",\"inLanguage\":\"en-US\",\"@id\":\"https:\/\/environpact.com\/en\/#\/schema\/logo\/image\/\",\"url\":\"https:\/\/environpact.com\/wp-content\/uploads\/2024\/02\/logo-environpact-green.svg\",\"contentUrl\":\"https:\/\/environpact.com\/wp-content\/uploads\/2024\/02\/logo-environpact-green.svg\",\"width\":153,\"height\":53,\"caption\":\"EnvironPact\"},\"image\":{\"@id\":\"https:\/\/environpact.com\/en\/#\/schema\/logo\/image\/\"}}]}<\/script>\n<!-- \/ Yoast SEO plugin. -->","yoast_head_json":{"title":"GOVERNANCE AND INTEGRITY - EnvironPact","robots":{"index":"index","follow":"follow","max-snippet":"max-snippet:-1","max-image-preview":"max-image-preview:large","max-video-preview":"max-video-preview:-1"},"canonical":"https:\/\/environpact.com\/en\/aboutus\/governance-and-integrity\/","og_locale":"en_US","og_type":"article","og_title":"GOVERNANCE AND INTEGRITY - EnvironPact","og_description":"EnvironPact Sustentabilidade e Resili\u00eancia is a consulting company based on OceanPact&#8217;s structure. This 100% Brazilian company develops and implements safe, efficient and innovative solutions in the areas of environment, underwater operations, logistical support and engineering. Transparency is in OceanPact\u2019s DNA. As the basis of our organizational culture, integrity guides our company\u2019s services, attitudes and relationships,\u2026","og_url":"https:\/\/environpact.com\/en\/aboutus\/governance-and-integrity\/","og_site_name":"EnvironPact","article_modified_time":"2025-01-23T18:08:49+00:00","og_image":[{"width":1440,"height":600,"url":"https:\/\/environpact.com\/wp-content\/uploads\/2024\/02\/bg-governanca-e-integridade.jpg","type":"image\/jpeg"}],"twitter_card":"summary_large_image","twitter_misc":{"Est. reading time":"1 minute"},"schema":{"@context":"https:\/\/schema.org","@graph":[{"@type":"WebPage","@id":"https:\/\/environpact.com\/en\/aboutus\/governance-and-integrity\/","url":"https:\/\/environpact.com\/en\/aboutus\/governance-and-integrity\/","name":"GOVERNANCE AND INTEGRITY - EnvironPact","isPartOf":{"@id":"https:\/\/environpact.com\/en\/#website"},"primaryImageOfPage":{"@id":"https:\/\/environpact.com\/en\/aboutus\/governance-and-integrity\/#primaryimage"},"image":{"@id":"https:\/\/environpact.com\/en\/aboutus\/governance-and-integrity\/#primaryimage"},"thumbnailUrl":"https:\/\/environpact.com\/wp-content\/uploads\/2024\/02\/bg-governanca-e-integridade.jpg","datePublished":"2024-02-02T13:37:43+00:00","dateModified":"2025-01-23T18:08:49+00:00","breadcrumb":{"@id":"https:\/\/environpact.com\/en\/aboutus\/governance-and-integrity\/#breadcrumb"},"inLanguage":"en-US","potentialAction":[{"@type":"ReadAction","target":["https:\/\/environpact.com\/en\/aboutus\/governance-and-integrity\/"]}]},{"@type":"ImageObject","inLanguage":"en-US","@id":"https:\/\/environpact.com\/en\/aboutus\/governance-and-integrity\/#primaryimage","url":"https:\/\/environpact.com\/wp-content\/uploads\/2024\/02\/bg-governanca-e-integridade.jpg","contentUrl":"https:\/\/environpact.com\/wp-content\/uploads\/2024\/02\/bg-governanca-e-integridade.jpg","width":1440,"height":600},{"@type":"BreadcrumbList","@id":"https:\/\/environpact.com\/en\/aboutus\/governance-and-integrity\/#breadcrumb","itemListElement":[{"@type":"ListItem","position":1,"name":"In\u00edcio","item":"https:\/\/environpact.com\/en\/home\/"},{"@type":"ListItem","position":2,"name":"ABOUT US","item":"https:\/\/environpact.com\/en\/aboutus\/"},{"@type":"ListItem","position":3,"name":"GOVERNANCE AND INTEGRITY"}]},{"@type":"WebSite","@id":"https:\/\/environpact.com\/en\/#website","url":"https:\/\/environpact.com\/en\/","name":"EnvironPact","description":"Servi\u00e7os de consultoria t\u00e9cnica para impacto positivo nas \u00e1reas de Sustentabilidade, Risco e Seguran\u00e7a Operacional e Resili\u00eancia","publisher":{"@id":"https:\/\/environpact.com\/en\/#organization"},"potentialAction":[{"@type":"SearchAction","target":{"@type":"EntryPoint","urlTemplate":"https:\/\/environpact.com\/en\/?s={search_term_string}"},"query-input":{"@type":"PropertyValueSpecification","valueRequired":true,"valueName":"search_term_string"}}],"inLanguage":"en-US"},{"@type":"Organization","@id":"https:\/\/environpact.com\/en\/#organization","name":"EnvironPact","url":"https:\/\/environpact.com\/en\/","logo":{"@type":"ImageObject","inLanguage":"en-US","@id":"https:\/\/environpact.com\/en\/#\/schema\/logo\/image\/","url":"https:\/\/environpact.com\/wp-content\/uploads\/2024\/02\/logo-environpact-green.svg","contentUrl":"https:\/\/environpact.com\/wp-content\/uploads\/2024\/02\/logo-environpact-green.svg","width":153,"height":53,"caption":"EnvironPact"},"image":{"@id":"https:\/\/environpact.com\/en\/#\/schema\/logo\/image\/"}}]}},"_links":{"self":[{"href":"https:\/\/environpact.com\/en\/wp-json\/wp\/v2\/pages\/2303","targetHints":{"allow":["GET"]}}],"collection":[{"href":"https:\/\/environpact.com\/en\/wp-json\/wp\/v2\/pages"}],"about":[{"href":"https:\/\/environpact.com\/en\/wp-json\/wp\/v2\/types\/page"}],"author":[{"embeddable":true,"href":"https:\/\/environpact.com\/en\/wp-json\/wp\/v2\/users\/10"}],"replies":[{"embeddable":true,"href":"https:\/\/environpact.com\/en\/wp-json\/wp\/v2\/comments?post=2303"}],"version-history":[{"count":3,"href":"https:\/\/environpact.com\/en\/wp-json\/wp\/v2\/pages\/2303\/revisions"}],"predecessor-version":[{"id":2316,"href":"https:\/\/environpact.com\/en\/wp-json\/wp\/v2\/pages\/2303\/revisions\/2316"}],"up":[{"embeddable":true,"href":"https:\/\/environpact.com\/en\/wp-json\/wp\/v2\/pages\/2294"}],"wp:featuredmedia":[{"embeddable":true,"href":"https:\/\/environpact.com\/en\/wp-json\/wp\/v2\/media\/1872"}],"wp:attachment":[{"href":"https:\/\/environpact.com\/en\/wp-json\/wp\/v2\/media?parent=2303"}],"curies":[{"name":"wp","href":"https:\/\/api.w.org\/{rel}","templated":true}]}}