{"id":2307,"date":"2024-02-01T11:38:35","date_gmt":"2024-02-01T14:38:35","guid":{"rendered":"https:\/\/environpact.com\/?page_id=2307"},"modified":"2025-01-23T15:02:58","modified_gmt":"2025-01-23T18:02:58","slug":"mission-vision-and-values","status":"publish","type":"page","link":"https:\/\/environpact.com\/en\/aboutus\/mission-vision-and-values\/","title":{"rendered":"MISSION, VISION AND VALUES"},"content":{"rendered":"","protected":false},"excerpt":{"rendered":"","protected":false},"author":10,"featured_media":2126,"parent":2294,"menu_order":12,"comment_status":"closed","ping_status":"closed","template":"page-missao.php","meta":{"_acf_changed":false,"footnotes":""},"class_list":["post-2307","page","type-page","status-publish","has-post-thumbnail","hentry"],"acf":[],"yoast_head":"<!-- This site is optimized with the Yoast SEO plugin v24.5 - https:\/\/yoast.com\/wordpress\/plugins\/seo\/ -->\n<title>MISSION, VISION AND VALUES - EnvironPact<\/title>\n<meta name=\"robots\" content=\"index, follow, max-snippet:-1, max-image-preview:large, max-video-preview:-1\" \/>\n<link rel=\"canonical\" href=\"https:\/\/environpact.com\/en\/aboutus\/mission-vision-and-values\/\" \/>\n<meta property=\"og:locale\" content=\"en_US\" \/>\n<meta property=\"og:type\" content=\"article\" \/>\n<meta property=\"og:title\" content=\"MISSION, VISION AND VALUES - EnvironPact\" \/>\n<meta property=\"og:url\" content=\"https:\/\/environpact.com\/en\/aboutus\/mission-vision-and-values\/\" \/>\n<meta property=\"og:site_name\" content=\"EnvironPact\" \/>\n<meta property=\"article:modified_time\" content=\"2025-01-23T18:02:58+00:00\" \/>\n<meta property=\"og:image\" content=\"https:\/\/environpact.com\/wp-content\/uploads\/2024\/04\/missao-e1714142197580.png\" \/>\n\t<meta property=\"og:image:width\" content=\"1440\" \/>\n\t<meta property=\"og:image:height\" content=\"599\" \/>\n\t<meta property=\"og:image:type\" content=\"image\/png\" \/>\n<meta name=\"twitter:card\" content=\"summary_large_image\" \/>\n<script type=\"application\/ld+json\" class=\"yoast-schema-graph\">{\"@context\":\"https:\/\/schema.org\",\"@graph\":[{\"@type\":\"WebPage\",\"@id\":\"https:\/\/environpact.com\/en\/aboutus\/mission-vision-and-values\/\",\"url\":\"https:\/\/environpact.com\/en\/aboutus\/mission-vision-and-values\/\",\"name\":\"MISSION, VISION AND VALUES - EnvironPact\",\"isPartOf\":{\"@id\":\"https:\/\/environpact.com\/en\/#website\"},\"primaryImageOfPage\":{\"@id\":\"https:\/\/environpact.com\/en\/aboutus\/mission-vision-and-values\/#primaryimage\"},\"image\":{\"@id\":\"https:\/\/environpact.com\/en\/aboutus\/mission-vision-and-values\/#primaryimage\"},\"thumbnailUrl\":\"https:\/\/environpact.com\/wp-content\/uploads\/2024\/04\/missao-e1714142197580.png\",\"datePublished\":\"2024-02-01T14:38:35+00:00\",\"dateModified\":\"2025-01-23T18:02:58+00:00\",\"breadcrumb\":{\"@id\":\"https:\/\/environpact.com\/en\/aboutus\/mission-vision-and-values\/#breadcrumb\"},\"inLanguage\":\"en-US\",\"potentialAction\":[{\"@type\":\"ReadAction\",\"target\":[\"https:\/\/environpact.com\/en\/aboutus\/mission-vision-and-values\/\"]}]},{\"@type\":\"ImageObject\",\"inLanguage\":\"en-US\",\"@id\":\"https:\/\/environpact.com\/en\/aboutus\/mission-vision-and-values\/#primaryimage\",\"url\":\"https:\/\/environpact.com\/wp-content\/uploads\/2024\/04\/missao-e1714142197580.png\",\"contentUrl\":\"https:\/\/environpact.com\/wp-content\/uploads\/2024\/04\/missao-e1714142197580.png\",\"width\":1440,\"height\":599},{\"@type\":\"BreadcrumbList\",\"@id\":\"https:\/\/environpact.com\/en\/aboutus\/mission-vision-and-values\/#breadcrumb\",\"itemListElement\":[{\"@type\":\"ListItem\",\"position\":1,\"name\":\"In\u00edcio\",\"item\":\"https:\/\/environpact.com\/en\/home\/\"},{\"@type\":\"ListItem\",\"position\":2,\"name\":\"ABOUT US\",\"item\":\"https:\/\/environpact.com\/en\/aboutus\/\"},{\"@type\":\"ListItem\",\"position\":3,\"name\":\"MISSION, VISION AND VALUES\"}]},{\"@type\":\"WebSite\",\"@id\":\"https:\/\/environpact.com\/en\/#website\",\"url\":\"https:\/\/environpact.com\/en\/\",\"name\":\"EnvironPact\",\"description\":\"Servi\u00e7os de consultoria t\u00e9cnica para impacto positivo nas \u00e1reas de Sustentabilidade, Risco e Seguran\u00e7a Operacional e Resili\u00eancia\",\"publisher\":{\"@id\":\"https:\/\/environpact.com\/en\/#organization\"},\"potentialAction\":[{\"@type\":\"SearchAction\",\"target\":{\"@type\":\"EntryPoint\",\"urlTemplate\":\"https:\/\/environpact.com\/en\/?s={search_term_string}\"},\"query-input\":{\"@type\":\"PropertyValueSpecification\",\"valueRequired\":true,\"valueName\":\"search_term_string\"}}],\"inLanguage\":\"en-US\"},{\"@type\":\"Organization\",\"@id\":\"https:\/\/environpact.com\/en\/#organization\",\"name\":\"EnvironPact\",\"url\":\"https:\/\/environpact.com\/en\/\",\"logo\":{\"@type\":\"ImageObject\",\"inLanguage\":\"en-US\",\"@id\":\"https:\/\/environpact.com\/en\/#\/schema\/logo\/image\/\",\"url\":\"https:\/\/environpact.com\/wp-content\/uploads\/2024\/02\/logo-environpact-green.svg\",\"contentUrl\":\"https:\/\/environpact.com\/wp-content\/uploads\/2024\/02\/logo-environpact-green.svg\",\"width\":153,\"height\":53,\"caption\":\"EnvironPact\"},\"image\":{\"@id\":\"https:\/\/environpact.com\/en\/#\/schema\/logo\/image\/\"}}]}<\/script>\n<!-- \/ Yoast SEO plugin. -->","yoast_head_json":{"title":"MISSION, VISION AND VALUES - EnvironPact","robots":{"index":"index","follow":"follow","max-snippet":"max-snippet:-1","max-image-preview":"max-image-preview:large","max-video-preview":"max-video-preview:-1"},"canonical":"https:\/\/environpact.com\/en\/aboutus\/mission-vision-and-values\/","og_locale":"en_US","og_type":"article","og_title":"MISSION, VISION AND VALUES - EnvironPact","og_url":"https:\/\/environpact.com\/en\/aboutus\/mission-vision-and-values\/","og_site_name":"EnvironPact","article_modified_time":"2025-01-23T18:02:58+00:00","og_image":[{"width":1440,"height":599,"url":"https:\/\/environpact.com\/wp-content\/uploads\/2024\/04\/missao-e1714142197580.png","type":"image\/png"}],"twitter_card":"summary_large_image","schema":{"@context":"https:\/\/schema.org","@graph":[{"@type":"WebPage","@id":"https:\/\/environpact.com\/en\/aboutus\/mission-vision-and-values\/","url":"https:\/\/environpact.com\/en\/aboutus\/mission-vision-and-values\/","name":"MISSION, VISION AND VALUES - EnvironPact","isPartOf":{"@id":"https:\/\/environpact.com\/en\/#website"},"primaryImageOfPage":{"@id":"https:\/\/environpact.com\/en\/aboutus\/mission-vision-and-values\/#primaryimage"},"image":{"@id":"https:\/\/environpact.com\/en\/aboutus\/mission-vision-and-values\/#primaryimage"},"thumbnailUrl":"https:\/\/environpact.com\/wp-content\/uploads\/2024\/04\/missao-e1714142197580.png","datePublished":"2024-02-01T14:38:35+00:00","dateModified":"2025-01-23T18:02:58+00:00","breadcrumb":{"@id":"https:\/\/environpact.com\/en\/aboutus\/mission-vision-and-values\/#breadcrumb"},"inLanguage":"en-US","potentialAction":[{"@type":"ReadAction","target":["https:\/\/environpact.com\/en\/aboutus\/mission-vision-and-values\/"]}]},{"@type":"ImageObject","inLanguage":"en-US","@id":"https:\/\/environpact.com\/en\/aboutus\/mission-vision-and-values\/#primaryimage","url":"https:\/\/environpact.com\/wp-content\/uploads\/2024\/04\/missao-e1714142197580.png","contentUrl":"https:\/\/environpact.com\/wp-content\/uploads\/2024\/04\/missao-e1714142197580.png","width":1440,"height":599},{"@type":"BreadcrumbList","@id":"https:\/\/environpact.com\/en\/aboutus\/mission-vision-and-values\/#breadcrumb","itemListElement":[{"@type":"ListItem","position":1,"name":"In\u00edcio","item":"https:\/\/environpact.com\/en\/home\/"},{"@type":"ListItem","position":2,"name":"ABOUT US","item":"https:\/\/environpact.com\/en\/aboutus\/"},{"@type":"ListItem","position":3,"name":"MISSION, VISION AND VALUES"}]},{"@type":"WebSite","@id":"https:\/\/environpact.com\/en\/#website","url":"https:\/\/environpact.com\/en\/","name":"EnvironPact","description":"Servi\u00e7os de consultoria t\u00e9cnica para impacto positivo nas \u00e1reas de Sustentabilidade, Risco e Seguran\u00e7a Operacional e Resili\u00eancia","publisher":{"@id":"https:\/\/environpact.com\/en\/#organization"},"potentialAction":[{"@type":"SearchAction","target":{"@type":"EntryPoint","urlTemplate":"https:\/\/environpact.com\/en\/?s={search_term_string}"},"query-input":{"@type":"PropertyValueSpecification","valueRequired":true,"valueName":"search_term_string"}}],"inLanguage":"en-US"},{"@type":"Organization","@id":"https:\/\/environpact.com\/en\/#organization","name":"EnvironPact","url":"https:\/\/environpact.com\/en\/","logo":{"@type":"ImageObject","inLanguage":"en-US","@id":"https:\/\/environpact.com\/en\/#\/schema\/logo\/image\/","url":"https:\/\/environpact.com\/wp-content\/uploads\/2024\/02\/logo-environpact-green.svg","contentUrl":"https:\/\/environpact.com\/wp-content\/uploads\/2024\/02\/logo-environpact-green.svg","width":153,"height":53,"caption":"EnvironPact"},"image":{"@id":"https:\/\/environpact.com\/en\/#\/schema\/logo\/image\/"}}]}},"_links":{"self":[{"href":"https:\/\/environpact.com\/en\/wp-json\/wp\/v2\/pages\/2307","targetHints":{"allow":["GET"]}}],"collection":[{"href":"https:\/\/environpact.com\/en\/wp-json\/wp\/v2\/pages"}],"about":[{"href":"https:\/\/environpact.com\/en\/wp-json\/wp\/v2\/types\/page"}],"author":[{"embeddable":true,"href":"https:\/\/environpact.com\/en\/wp-json\/wp\/v2\/users\/10"}],"replies":[{"embeddable":true,"href":"https:\/\/environpact.com\/en\/wp-json\/wp\/v2\/comments?post=2307"}],"version-history":[{"count":5,"href":"https:\/\/environpact.com\/en\/wp-json\/wp\/v2\/pages\/2307\/revisions"}],"predecessor-version":[{"id":2314,"href":"https:\/\/environpact.com\/en\/wp-json\/wp\/v2\/pages\/2307\/revisions\/2314"}],"up":[{"embeddable":true,"href":"https:\/\/environpact.com\/en\/wp-json\/wp\/v2\/pages\/2294"}],"wp:featuredmedia":[{"embeddable":true,"href":"https:\/\/environpact.com\/en\/wp-json\/wp\/v2\/media\/2126"}],"wp:attachment":[{"href":"https:\/\/environpact.com\/en\/wp-json\/wp\/v2\/media?parent=2307"}],"curies":[{"name":"wp","href":"https:\/\/api.w.org\/{rel}","templated":true}]}}