{"id":2317,"date":"2024-02-06T15:49:32","date_gmt":"2024-02-06T18:49:32","guid":{"rendered":"https:\/\/environpact.com\/?page_id=2317"},"modified":"2025-03-10T12:28:55","modified_gmt":"2025-03-10T15:28:55","slug":"sustainability","status":"publish","type":"page","link":"https:\/\/environpact.com\/en\/sustainability\/","title":{"rendered":"SUSTAINABILITY"},"content":{"rendered":"\n<p><\/p>\n\n\n\n<p>We combine scientific and operational knowledge in implementing integrated and customized solutions for environmental management and analysis throughout the entire lifecycle of our client&#8217;s projects. We are market leaders in Brazil in socio-environmental studies and projects for the oil and gas sector. We possess extensive knowledge of the dynamics and the Brazilian market and expertise in protocols for reducing socio-environmental impacts and risks, aligned with legal requirements and international best practices.<\/p>\n\n\n\n<p>In line with our clients&#8217; business strategies, we contribute to strengthening corporate sustainability. We can assist throughout the entire sustainability journey or in specific areas. We operate through responsible decisions and positive impacts, guiding our clients toward a sustainable and resilient future.<\/p>\n\n\n\n<p><\/p>\n","protected":false},"excerpt":{"rendered":"<p>We combine scientific and operational knowledge in implementing integrated and customized solutions for environmental management and analysis throughout the entire lifecycle of our client&#8217;s projects. We are market leaders in Brazil in socio-environmental studies and projects for the oil and gas sector. We possess extensive knowledge of the dynamics and the Brazilian market and expertise\u2026<\/p>\n","protected":false},"author":10,"featured_media":1914,"parent":0,"menu_order":16,"comment_status":"closed","ping_status":"closed","template":"page-meio-ambiente.php","meta":{"_acf_changed":false,"footnotes":""},"class_list":["post-2317","page","type-page","status-publish","has-post-thumbnail","hentry"],"acf":[],"yoast_head":"<!-- This site is optimized with the Yoast SEO plugin v24.5 - https:\/\/yoast.com\/wordpress\/plugins\/seo\/ -->\n<title>SUSTAINABILITY - EnvironPact<\/title>\n<meta name=\"robots\" content=\"index, follow, max-snippet:-1, max-image-preview:large, max-video-preview:-1\" \/>\n<link rel=\"canonical\" href=\"https:\/\/environpact.com\/en\/sustainability\/\" \/>\n<meta property=\"og:locale\" content=\"en_US\" \/>\n<meta property=\"og:type\" content=\"article\" \/>\n<meta property=\"og:title\" content=\"SUSTAINABILITY - EnvironPact\" \/>\n<meta property=\"og:description\" content=\"We combine scientific and operational knowledge in implementing integrated and customized solutions for environmental management and analysis throughout the entire lifecycle of our client&#8217;s projects. We are market leaders in Brazil in socio-environmental studies and projects for the oil and gas sector. We possess extensive knowledge of the dynamics and the Brazilian market and expertise\u2026\" \/>\n<meta property=\"og:url\" content=\"https:\/\/environpact.com\/en\/sustainability\/\" \/>\n<meta property=\"og:site_name\" content=\"EnvironPact\" \/>\n<meta property=\"article:modified_time\" content=\"2025-03-10T15:28:55+00:00\" \/>\n<meta property=\"og:image\" content=\"https:\/\/environpact.com\/wp-content\/uploads\/2024\/03\/bg-meio-ambiente.jpg\" \/>\n\t<meta property=\"og:image:width\" content=\"1440\" \/>\n\t<meta property=\"og:image:height\" content=\"601\" \/>\n\t<meta property=\"og:image:type\" content=\"image\/jpeg\" \/>\n<meta name=\"twitter:card\" content=\"summary_large_image\" \/>\n<meta name=\"twitter:label1\" content=\"Est. reading time\" \/>\n\t<meta name=\"twitter:data1\" content=\"1 minute\" \/>\n<script type=\"application\/ld+json\" class=\"yoast-schema-graph\">{\"@context\":\"https:\/\/schema.org\",\"@graph\":[{\"@type\":\"WebPage\",\"@id\":\"https:\/\/environpact.com\/en\/sustainability\/\",\"url\":\"https:\/\/environpact.com\/en\/sustainability\/\",\"name\":\"SUSTAINABILITY - EnvironPact\",\"isPartOf\":{\"@id\":\"https:\/\/environpact.com\/en\/#website\"},\"primaryImageOfPage\":{\"@id\":\"https:\/\/environpact.com\/en\/sustainability\/#primaryimage\"},\"image\":{\"@id\":\"https:\/\/environpact.com\/en\/sustainability\/#primaryimage\"},\"thumbnailUrl\":\"https:\/\/environpact.com\/wp-content\/uploads\/2024\/03\/bg-meio-ambiente.jpg\",\"datePublished\":\"2024-02-06T18:49:32+00:00\",\"dateModified\":\"2025-03-10T15:28:55+00:00\",\"breadcrumb\":{\"@id\":\"https:\/\/environpact.com\/en\/sustainability\/#breadcrumb\"},\"inLanguage\":\"en-US\",\"potentialAction\":[{\"@type\":\"ReadAction\",\"target\":[\"https:\/\/environpact.com\/en\/sustainability\/\"]}]},{\"@type\":\"ImageObject\",\"inLanguage\":\"en-US\",\"@id\":\"https:\/\/environpact.com\/en\/sustainability\/#primaryimage\",\"url\":\"https:\/\/environpact.com\/wp-content\/uploads\/2024\/03\/bg-meio-ambiente.jpg\",\"contentUrl\":\"https:\/\/environpact.com\/wp-content\/uploads\/2024\/03\/bg-meio-ambiente.jpg\",\"width\":1440,\"height\":601},{\"@type\":\"BreadcrumbList\",\"@id\":\"https:\/\/environpact.com\/en\/sustainability\/#breadcrumb\",\"itemListElement\":[{\"@type\":\"ListItem\",\"position\":1,\"name\":\"In\u00edcio\",\"item\":\"https:\/\/environpact.com\/en\/home\/\"},{\"@type\":\"ListItem\",\"position\":2,\"name\":\"SUSTAINABILITY\"}]},{\"@type\":\"WebSite\",\"@id\":\"https:\/\/environpact.com\/en\/#website\",\"url\":\"https:\/\/environpact.com\/en\/\",\"name\":\"EnvironPact\",\"description\":\"Servi\u00e7os de consultoria t\u00e9cnica para impacto positivo nas \u00e1reas de Sustentabilidade, Risco e Seguran\u00e7a Operacional e Resili\u00eancia\",\"publisher\":{\"@id\":\"https:\/\/environpact.com\/en\/#organization\"},\"potentialAction\":[{\"@type\":\"SearchAction\",\"target\":{\"@type\":\"EntryPoint\",\"urlTemplate\":\"https:\/\/environpact.com\/en\/?s={search_term_string}\"},\"query-input\":{\"@type\":\"PropertyValueSpecification\",\"valueRequired\":true,\"valueName\":\"search_term_string\"}}],\"inLanguage\":\"en-US\"},{\"@type\":\"Organization\",\"@id\":\"https:\/\/environpact.com\/en\/#organization\",\"name\":\"EnvironPact\",\"url\":\"https:\/\/environpact.com\/en\/\",\"logo\":{\"@type\":\"ImageObject\",\"inLanguage\":\"en-US\",\"@id\":\"https:\/\/environpact.com\/en\/#\/schema\/logo\/image\/\",\"url\":\"https:\/\/environpact.com\/wp-content\/uploads\/2024\/02\/logo-environpact-green.svg\",\"contentUrl\":\"https:\/\/environpact.com\/wp-content\/uploads\/2024\/02\/logo-environpact-green.svg\",\"width\":153,\"height\":53,\"caption\":\"EnvironPact\"},\"image\":{\"@id\":\"https:\/\/environpact.com\/en\/#\/schema\/logo\/image\/\"}}]}<\/script>\n<!-- \/ Yoast SEO plugin. -->","yoast_head_json":{"title":"SUSTAINABILITY - EnvironPact","robots":{"index":"index","follow":"follow","max-snippet":"max-snippet:-1","max-image-preview":"max-image-preview:large","max-video-preview":"max-video-preview:-1"},"canonical":"https:\/\/environpact.com\/en\/sustainability\/","og_locale":"en_US","og_type":"article","og_title":"SUSTAINABILITY - EnvironPact","og_description":"We combine scientific and operational knowledge in implementing integrated and customized solutions for environmental management and analysis throughout the entire lifecycle of our client&#8217;s projects. We are market leaders in Brazil in socio-environmental studies and projects for the oil and gas sector. We possess extensive knowledge of the dynamics and the Brazilian market and expertise\u2026","og_url":"https:\/\/environpact.com\/en\/sustainability\/","og_site_name":"EnvironPact","article_modified_time":"2025-03-10T15:28:55+00:00","og_image":[{"width":1440,"height":601,"url":"https:\/\/environpact.com\/wp-content\/uploads\/2024\/03\/bg-meio-ambiente.jpg","type":"image\/jpeg"}],"twitter_card":"summary_large_image","twitter_misc":{"Est. reading time":"1 minute"},"schema":{"@context":"https:\/\/schema.org","@graph":[{"@type":"WebPage","@id":"https:\/\/environpact.com\/en\/sustainability\/","url":"https:\/\/environpact.com\/en\/sustainability\/","name":"SUSTAINABILITY - EnvironPact","isPartOf":{"@id":"https:\/\/environpact.com\/en\/#website"},"primaryImageOfPage":{"@id":"https:\/\/environpact.com\/en\/sustainability\/#primaryimage"},"image":{"@id":"https:\/\/environpact.com\/en\/sustainability\/#primaryimage"},"thumbnailUrl":"https:\/\/environpact.com\/wp-content\/uploads\/2024\/03\/bg-meio-ambiente.jpg","datePublished":"2024-02-06T18:49:32+00:00","dateModified":"2025-03-10T15:28:55+00:00","breadcrumb":{"@id":"https:\/\/environpact.com\/en\/sustainability\/#breadcrumb"},"inLanguage":"en-US","potentialAction":[{"@type":"ReadAction","target":["https:\/\/environpact.com\/en\/sustainability\/"]}]},{"@type":"ImageObject","inLanguage":"en-US","@id":"https:\/\/environpact.com\/en\/sustainability\/#primaryimage","url":"https:\/\/environpact.com\/wp-content\/uploads\/2024\/03\/bg-meio-ambiente.jpg","contentUrl":"https:\/\/environpact.com\/wp-content\/uploads\/2024\/03\/bg-meio-ambiente.jpg","width":1440,"height":601},{"@type":"BreadcrumbList","@id":"https:\/\/environpact.com\/en\/sustainability\/#breadcrumb","itemListElement":[{"@type":"ListItem","position":1,"name":"In\u00edcio","item":"https:\/\/environpact.com\/en\/home\/"},{"@type":"ListItem","position":2,"name":"SUSTAINABILITY"}]},{"@type":"WebSite","@id":"https:\/\/environpact.com\/en\/#website","url":"https:\/\/environpact.com\/en\/","name":"EnvironPact","description":"Servi\u00e7os de consultoria t\u00e9cnica para impacto positivo nas \u00e1reas de Sustentabilidade, Risco e Seguran\u00e7a Operacional e Resili\u00eancia","publisher":{"@id":"https:\/\/environpact.com\/en\/#organization"},"potentialAction":[{"@type":"SearchAction","target":{"@type":"EntryPoint","urlTemplate":"https:\/\/environpact.com\/en\/?s={search_term_string}"},"query-input":{"@type":"PropertyValueSpecification","valueRequired":true,"valueName":"search_term_string"}}],"inLanguage":"en-US"},{"@type":"Organization","@id":"https:\/\/environpact.com\/en\/#organization","name":"EnvironPact","url":"https:\/\/environpact.com\/en\/","logo":{"@type":"ImageObject","inLanguage":"en-US","@id":"https:\/\/environpact.com\/en\/#\/schema\/logo\/image\/","url":"https:\/\/environpact.com\/wp-content\/uploads\/2024\/02\/logo-environpact-green.svg","contentUrl":"https:\/\/environpact.com\/wp-content\/uploads\/2024\/02\/logo-environpact-green.svg","width":153,"height":53,"caption":"EnvironPact"},"image":{"@id":"https:\/\/environpact.com\/en\/#\/schema\/logo\/image\/"}}]}},"_links":{"self":[{"href":"https:\/\/environpact.com\/en\/wp-json\/wp\/v2\/pages\/2317","targetHints":{"allow":["GET"]}}],"collection":[{"href":"https:\/\/environpact.com\/en\/wp-json\/wp\/v2\/pages"}],"about":[{"href":"https:\/\/environpact.com\/en\/wp-json\/wp\/v2\/types\/page"}],"author":[{"embeddable":true,"href":"https:\/\/environpact.com\/en\/wp-json\/wp\/v2\/users\/10"}],"replies":[{"embeddable":true,"href":"https:\/\/environpact.com\/en\/wp-json\/wp\/v2\/comments?post=2317"}],"version-history":[{"count":4,"href":"https:\/\/environpact.com\/en\/wp-json\/wp\/v2\/pages\/2317\/revisions"}],"predecessor-version":[{"id":2696,"href":"https:\/\/environpact.com\/en\/wp-json\/wp\/v2\/pages\/2317\/revisions\/2696"}],"wp:featuredmedia":[{"embeddable":true,"href":"https:\/\/environpact.com\/en\/wp-json\/wp\/v2\/media\/1914"}],"wp:attachment":[{"href":"https:\/\/environpact.com\/en\/wp-json\/wp\/v2\/media?parent=2317"}],"curies":[{"name":"wp","href":"https:\/\/api.w.org\/{rel}","templated":true}]}}