{"id":2328,"date":"2024-02-07T17:12:49","date_gmt":"2024-02-07T20:12:49","guid":{"rendered":"https:\/\/environpact.com\/?page_id=2328"},"modified":"2025-01-23T16:45:19","modified_gmt":"2025-01-23T19:45:19","slug":"resilience","status":"publish","type":"page","link":"https:\/\/environpact.com\/en\/resilience\/","title":{"rendered":"RESILIENCE"},"content":{"rendered":"\n<p>We are the consulting firm with the largest presence in the management of major emergencies in the country. Since 2009, we have been handling emergency cases and working to prepare companies from different sectors to respond to emergencies and crises. Our services range from the development of response plans to the implementation of training and simulations customized to the needs of each client. EnvironPact is the leading company in the country in implementing the ICS (Incident Command System).<\/p>\n\n\n\n<p><\/p>\n","protected":false},"excerpt":{"rendered":"<p>We are the consulting firm with the largest presence in the management of major emergencies in the country. Since 2009, we have been handling emergency cases and working to prepare companies from different sectors to respond to emergencies and crises. Our services range from the development of response plans to the implementation of training and\u2026<\/p>\n","protected":false},"author":10,"featured_media":1928,"parent":0,"menu_order":21,"comment_status":"closed","ping_status":"closed","template":"page-emergencia-e-crises.php","meta":{"_acf_changed":false,"footnotes":""},"class_list":["post-2328","page","type-page","status-publish","has-post-thumbnail","hentry"],"acf":[],"yoast_head":"<!-- This site is optimized with the Yoast SEO plugin v24.5 - https:\/\/yoast.com\/wordpress\/plugins\/seo\/ -->\n<title>RESILIENCE - EnvironPact<\/title>\n<meta name=\"robots\" content=\"index, follow, max-snippet:-1, max-image-preview:large, max-video-preview:-1\" \/>\n<link rel=\"canonical\" href=\"https:\/\/environpact.com\/en\/resilience\/\" \/>\n<meta property=\"og:locale\" content=\"en_US\" \/>\n<meta property=\"og:type\" content=\"article\" \/>\n<meta property=\"og:title\" content=\"RESILIENCE - EnvironPact\" \/>\n<meta property=\"og:description\" content=\"We are the consulting firm with the largest presence in the management of major emergencies in the country. Since 2009, we have been handling emergency cases and working to prepare companies from different sectors to respond to emergencies and crises. Our services range from the development of response plans to the implementation of training and\u2026\" \/>\n<meta property=\"og:url\" content=\"https:\/\/environpact.com\/en\/resilience\/\" \/>\n<meta property=\"og:site_name\" content=\"EnvironPact\" \/>\n<meta property=\"article:modified_time\" content=\"2025-01-23T19:45:19+00:00\" \/>\n<meta property=\"og:image\" content=\"https:\/\/environpact.com\/wp-content\/uploads\/2024\/03\/bg-service-emergencia-e-crises.jpg\" \/>\n\t<meta property=\"og:image:width\" content=\"1440\" \/>\n\t<meta property=\"og:image:height\" content=\"601\" \/>\n\t<meta property=\"og:image:type\" content=\"image\/jpeg\" \/>\n<meta name=\"twitter:card\" content=\"summary_large_image\" \/>\n<script type=\"application\/ld+json\" class=\"yoast-schema-graph\">{\"@context\":\"https:\/\/schema.org\",\"@graph\":[{\"@type\":\"WebPage\",\"@id\":\"https:\/\/environpact.com\/en\/resilience\/\",\"url\":\"https:\/\/environpact.com\/en\/resilience\/\",\"name\":\"RESILIENCE - EnvironPact\",\"isPartOf\":{\"@id\":\"https:\/\/environpact.com\/en\/#website\"},\"primaryImageOfPage\":{\"@id\":\"https:\/\/environpact.com\/en\/resilience\/#primaryimage\"},\"image\":{\"@id\":\"https:\/\/environpact.com\/en\/resilience\/#primaryimage\"},\"thumbnailUrl\":\"https:\/\/environpact.com\/wp-content\/uploads\/2024\/03\/bg-service-emergencia-e-crises.jpg\",\"datePublished\":\"2024-02-07T20:12:49+00:00\",\"dateModified\":\"2025-01-23T19:45:19+00:00\",\"breadcrumb\":{\"@id\":\"https:\/\/environpact.com\/en\/resilience\/#breadcrumb\"},\"inLanguage\":\"en-US\",\"potentialAction\":[{\"@type\":\"ReadAction\",\"target\":[\"https:\/\/environpact.com\/en\/resilience\/\"]}]},{\"@type\":\"ImageObject\",\"inLanguage\":\"en-US\",\"@id\":\"https:\/\/environpact.com\/en\/resilience\/#primaryimage\",\"url\":\"https:\/\/environpact.com\/wp-content\/uploads\/2024\/03\/bg-service-emergencia-e-crises.jpg\",\"contentUrl\":\"https:\/\/environpact.com\/wp-content\/uploads\/2024\/03\/bg-service-emergencia-e-crises.jpg\",\"width\":1440,\"height\":601,\"caption\":\"Legenda 4\"},{\"@type\":\"BreadcrumbList\",\"@id\":\"https:\/\/environpact.com\/en\/resilience\/#breadcrumb\",\"itemListElement\":[{\"@type\":\"ListItem\",\"position\":1,\"name\":\"In\u00edcio\",\"item\":\"https:\/\/environpact.com\/en\/home\/\"},{\"@type\":\"ListItem\",\"position\":2,\"name\":\"RESILIENCE\"}]},{\"@type\":\"WebSite\",\"@id\":\"https:\/\/environpact.com\/en\/#website\",\"url\":\"https:\/\/environpact.com\/en\/\",\"name\":\"EnvironPact\",\"description\":\"Servi\u00e7os de consultoria t\u00e9cnica para impacto positivo nas \u00e1reas de Sustentabilidade, Risco e Seguran\u00e7a Operacional e Resili\u00eancia\",\"publisher\":{\"@id\":\"https:\/\/environpact.com\/en\/#organization\"},\"potentialAction\":[{\"@type\":\"SearchAction\",\"target\":{\"@type\":\"EntryPoint\",\"urlTemplate\":\"https:\/\/environpact.com\/en\/?s={search_term_string}\"},\"query-input\":{\"@type\":\"PropertyValueSpecification\",\"valueRequired\":true,\"valueName\":\"search_term_string\"}}],\"inLanguage\":\"en-US\"},{\"@type\":\"Organization\",\"@id\":\"https:\/\/environpact.com\/en\/#organization\",\"name\":\"EnvironPact\",\"url\":\"https:\/\/environpact.com\/en\/\",\"logo\":{\"@type\":\"ImageObject\",\"inLanguage\":\"en-US\",\"@id\":\"https:\/\/environpact.com\/en\/#\/schema\/logo\/image\/\",\"url\":\"https:\/\/environpact.com\/wp-content\/uploads\/2024\/02\/logo-environpact-green.svg\",\"contentUrl\":\"https:\/\/environpact.com\/wp-content\/uploads\/2024\/02\/logo-environpact-green.svg\",\"width\":153,\"height\":53,\"caption\":\"EnvironPact\"},\"image\":{\"@id\":\"https:\/\/environpact.com\/en\/#\/schema\/logo\/image\/\"}}]}<\/script>\n<!-- \/ Yoast SEO plugin. -->","yoast_head_json":{"title":"RESILIENCE - EnvironPact","robots":{"index":"index","follow":"follow","max-snippet":"max-snippet:-1","max-image-preview":"max-image-preview:large","max-video-preview":"max-video-preview:-1"},"canonical":"https:\/\/environpact.com\/en\/resilience\/","og_locale":"en_US","og_type":"article","og_title":"RESILIENCE - EnvironPact","og_description":"We are the consulting firm with the largest presence in the management of major emergencies in the country. Since 2009, we have been handling emergency cases and working to prepare companies from different sectors to respond to emergencies and crises. Our services range from the development of response plans to the implementation of training and\u2026","og_url":"https:\/\/environpact.com\/en\/resilience\/","og_site_name":"EnvironPact","article_modified_time":"2025-01-23T19:45:19+00:00","og_image":[{"width":1440,"height":601,"url":"https:\/\/environpact.com\/wp-content\/uploads\/2024\/03\/bg-service-emergencia-e-crises.jpg","type":"image\/jpeg"}],"twitter_card":"summary_large_image","schema":{"@context":"https:\/\/schema.org","@graph":[{"@type":"WebPage","@id":"https:\/\/environpact.com\/en\/resilience\/","url":"https:\/\/environpact.com\/en\/resilience\/","name":"RESILIENCE - EnvironPact","isPartOf":{"@id":"https:\/\/environpact.com\/en\/#website"},"primaryImageOfPage":{"@id":"https:\/\/environpact.com\/en\/resilience\/#primaryimage"},"image":{"@id":"https:\/\/environpact.com\/en\/resilience\/#primaryimage"},"thumbnailUrl":"https:\/\/environpact.com\/wp-content\/uploads\/2024\/03\/bg-service-emergencia-e-crises.jpg","datePublished":"2024-02-07T20:12:49+00:00","dateModified":"2025-01-23T19:45:19+00:00","breadcrumb":{"@id":"https:\/\/environpact.com\/en\/resilience\/#breadcrumb"},"inLanguage":"en-US","potentialAction":[{"@type":"ReadAction","target":["https:\/\/environpact.com\/en\/resilience\/"]}]},{"@type":"ImageObject","inLanguage":"en-US","@id":"https:\/\/environpact.com\/en\/resilience\/#primaryimage","url":"https:\/\/environpact.com\/wp-content\/uploads\/2024\/03\/bg-service-emergencia-e-crises.jpg","contentUrl":"https:\/\/environpact.com\/wp-content\/uploads\/2024\/03\/bg-service-emergencia-e-crises.jpg","width":1440,"height":601,"caption":"Legenda 4"},{"@type":"BreadcrumbList","@id":"https:\/\/environpact.com\/en\/resilience\/#breadcrumb","itemListElement":[{"@type":"ListItem","position":1,"name":"In\u00edcio","item":"https:\/\/environpact.com\/en\/home\/"},{"@type":"ListItem","position":2,"name":"RESILIENCE"}]},{"@type":"WebSite","@id":"https:\/\/environpact.com\/en\/#website","url":"https:\/\/environpact.com\/en\/","name":"EnvironPact","description":"Servi\u00e7os de consultoria t\u00e9cnica para impacto positivo nas \u00e1reas de Sustentabilidade, Risco e Seguran\u00e7a Operacional e Resili\u00eancia","publisher":{"@id":"https:\/\/environpact.com\/en\/#organization"},"potentialAction":[{"@type":"SearchAction","target":{"@type":"EntryPoint","urlTemplate":"https:\/\/environpact.com\/en\/?s={search_term_string}"},"query-input":{"@type":"PropertyValueSpecification","valueRequired":true,"valueName":"search_term_string"}}],"inLanguage":"en-US"},{"@type":"Organization","@id":"https:\/\/environpact.com\/en\/#organization","name":"EnvironPact","url":"https:\/\/environpact.com\/en\/","logo":{"@type":"ImageObject","inLanguage":"en-US","@id":"https:\/\/environpact.com\/en\/#\/schema\/logo\/image\/","url":"https:\/\/environpact.com\/wp-content\/uploads\/2024\/02\/logo-environpact-green.svg","contentUrl":"https:\/\/environpact.com\/wp-content\/uploads\/2024\/02\/logo-environpact-green.svg","width":153,"height":53,"caption":"EnvironPact"},"image":{"@id":"https:\/\/environpact.com\/en\/#\/schema\/logo\/image\/"}}]}},"_links":{"self":[{"href":"https:\/\/environpact.com\/en\/wp-json\/wp\/v2\/pages\/2328","targetHints":{"allow":["GET"]}}],"collection":[{"href":"https:\/\/environpact.com\/en\/wp-json\/wp\/v2\/pages"}],"about":[{"href":"https:\/\/environpact.com\/en\/wp-json\/wp\/v2\/types\/page"}],"author":[{"embeddable":true,"href":"https:\/\/environpact.com\/en\/wp-json\/wp\/v2\/users\/10"}],"replies":[{"embeddable":true,"href":"https:\/\/environpact.com\/en\/wp-json\/wp\/v2\/comments?post=2328"}],"version-history":[{"count":3,"href":"https:\/\/environpact.com\/en\/wp-json\/wp\/v2\/pages\/2328\/revisions"}],"predecessor-version":[{"id":2333,"href":"https:\/\/environpact.com\/en\/wp-json\/wp\/v2\/pages\/2328\/revisions\/2333"}],"wp:featuredmedia":[{"embeddable":true,"href":"https:\/\/environpact.com\/en\/wp-json\/wp\/v2\/media\/1928"}],"wp:attachment":[{"href":"https:\/\/environpact.com\/en\/wp-json\/wp\/v2\/media?parent=2328"}],"curies":[{"name":"wp","href":"https:\/\/api.w.org\/{rel}","templated":true}]}}