{"id":2288,"date":"2024-01-05T15:37:48","date_gmt":"2024-01-05T18:37:48","guid":{"rendered":"https:\/\/environpact.com\/?page_id=2288"},"modified":"2025-02-25T12:51:25","modified_gmt":"2025-02-25T15:51:25","slug":"environpact-sustentabilidade-e-resiliencia","status":"publish","type":"page","link":"https:\/\/environpact.com\/es\/","title":{"rendered":"HOME"},"content":{"rendered":"\n<p>EnvironPact Sustenabilidade e Resili\u00eancia, subsidiaria de <a href=\"https:\/\/oceanpact.com\/en\/home\/\" data-type=\"link\" data-id=\"https:\/\/environpact.com\/es\/\">OceanPact<\/a>, es una empresa especializada en servicios de consultor\u00eda t\u00e9cnica enfocada en las \u00e1reas de Sostenibilidad, Riesgo y Seguridad y Resiliencia Operacional. Trabajamos para agregar valor durante todo el ciclo de vida de los negocios de nuestros clientes. Esto se realiza a trav\u00e9s de la seguridad y el equilibrio socioambiental, financiero y operativo de cada uno de ellos. Estamos comprometidos a garantizar operaciones responsables y sostenibles a largo plazo.<\/p>\n\n\n\n<p><\/p>\n","protected":false},"excerpt":{"rendered":"<p>EnvironPact Sustenabilidade e Resili\u00eancia, subsidiaria de OceanPact, es una empresa especializada en servicios de consultor\u00eda t\u00e9cnica enfocada en las \u00e1reas de Sostenibilidad, Riesgo y Seguridad y Resiliencia Operacional. Trabajamos para agregar valor durante todo el ciclo de vida de los negocios de nuestros clientes. Esto se realiza a trav\u00e9s de la seguridad y el equilibrio\u2026<\/p>\n","protected":false},"author":10,"featured_media":0,"parent":0,"menu_order":2,"comment_status":"closed","ping_status":"open","template":"","meta":{"_acf_changed":false,"footnotes":""},"class_list":["post-2288","page","type-page","status-publish","hentry"],"acf":[],"yoast_head":"<!-- This site is optimized with the Yoast SEO plugin v24.5 - https:\/\/yoast.com\/wordpress\/plugins\/seo\/ -->\n<title>HOME - EnvironPact<\/title>\n<meta name=\"description\" content=\"Servi\u00e7os de consultoria t\u00e9cnica para impacto positivo nas \u00e1reas de Sustentabilidade, Risco e Seguran\u00e7a Operacional e Resili\u00eancia\" \/>\n<meta name=\"robots\" content=\"index, follow, max-snippet:-1, max-image-preview:large, max-video-preview:-1\" \/>\n<link rel=\"canonical\" href=\"https:\/\/environpact.com\/es\/\" \/>\n<meta property=\"og:locale\" content=\"es_ES\" \/>\n<meta property=\"og:type\" content=\"article\" \/>\n<meta property=\"og:title\" content=\"EnvironPact Sustentabilidade e Resili\u00eancia\" \/>\n<meta property=\"og:description\" content=\"Servi\u00e7os de consultoria t\u00e9cnica para impacto positivo nas \u00e1reas de Sustentabilidade, Risco e Seguran\u00e7a Operacional e Resili\u00eancia\" \/>\n<meta property=\"og:url\" content=\"https:\/\/environpact.com\/es\/\" \/>\n<meta property=\"og:site_name\" content=\"EnvironPact\" \/>\n<meta property=\"article:modified_time\" content=\"2025-02-25T15:51:25+00:00\" \/>\n<meta property=\"og:image\" content=\"https:\/\/environpact.com\/wp-content\/uploads\/2024\/02\/img-1920px-1-1024x757.jpg\" \/>\n\t<meta property=\"og:image:width\" content=\"1024\" \/>\n\t<meta property=\"og:image:height\" content=\"757\" \/>\n\t<meta property=\"og:image:type\" content=\"image\/jpeg\" \/>\n<meta name=\"twitter:card\" content=\"summary_large_image\" \/>\n<meta name=\"twitter:title\" content=\"EnvironPact Sustentabilidade e Resili\u00eancia\" \/>\n<meta name=\"twitter:description\" content=\"Servi\u00e7os de consultoria t\u00e9cnica para impacto positivo nas \u00e1reas de Sustentabilidade, Risco e Seguran\u00e7a Operacional e Resili\u00eancia\" \/>\n<meta name=\"twitter:image\" content=\"https:\/\/environpact.com\/wp-content\/uploads\/2024\/04\/img-home-emergencia.jpg\" \/>\n<meta name=\"twitter:label1\" content=\"Tiempo de lectura\" \/>\n\t<meta name=\"twitter:data1\" content=\"1 minuto\" \/>\n<script type=\"application\/ld+json\" class=\"yoast-schema-graph\">{\"@context\":\"https:\/\/schema.org\",\"@graph\":[{\"@type\":\"WebPage\",\"@id\":\"https:\/\/environpact.com\/es\/\",\"url\":\"https:\/\/environpact.com\/es\/\",\"name\":\"HOME - EnvironPact\",\"isPartOf\":{\"@id\":\"https:\/\/environpact.com\/es\/#website\"},\"datePublished\":\"2024-01-05T18:37:48+00:00\",\"dateModified\":\"2025-02-25T15:51:25+00:00\",\"description\":\"Servi\u00e7os de consultoria t\u00e9cnica para impacto positivo nas \u00e1reas de Sustentabilidade, Risco e Seguran\u00e7a Operacional e Resili\u00eancia\",\"breadcrumb\":{\"@id\":\"https:\/\/environpact.com\/es\/#breadcrumb\"},\"inLanguage\":\"es\",\"potentialAction\":[{\"@type\":\"ReadAction\",\"target\":[\"https:\/\/environpact.com\/es\/\"]}]},{\"@type\":\"BreadcrumbList\",\"@id\":\"https:\/\/environpact.com\/es\/#breadcrumb\",\"itemListElement\":[{\"@type\":\"ListItem\",\"position\":1,\"name\":\"In\u00edcio\",\"item\":\"https:\/\/environpact.com\/es\/\"},{\"@type\":\"ListItem\",\"position\":2,\"name\":\"HOME\"}]},{\"@type\":\"WebSite\",\"@id\":\"https:\/\/environpact.com\/es\/#website\",\"url\":\"https:\/\/environpact.com\/es\/\",\"name\":\"EnvironPact\",\"description\":\"Servi\u00e7os de consultoria t\u00e9cnica para impacto positivo nas \u00e1reas de Sustentabilidade, Risco e Seguran\u00e7a Operacional e Resili\u00eancia\",\"publisher\":{\"@id\":\"https:\/\/environpact.com\/es\/#organization\"},\"potentialAction\":[{\"@type\":\"SearchAction\",\"target\":{\"@type\":\"EntryPoint\",\"urlTemplate\":\"https:\/\/environpact.com\/es\/?s={search_term_string}\"},\"query-input\":{\"@type\":\"PropertyValueSpecification\",\"valueRequired\":true,\"valueName\":\"search_term_string\"}}],\"inLanguage\":\"es\"},{\"@type\":\"Organization\",\"@id\":\"https:\/\/environpact.com\/es\/#organization\",\"name\":\"EnvironPact\",\"url\":\"https:\/\/environpact.com\/es\/\",\"logo\":{\"@type\":\"ImageObject\",\"inLanguage\":\"es\",\"@id\":\"https:\/\/environpact.com\/es\/#\/schema\/logo\/image\/\",\"url\":\"https:\/\/environpact.com\/wp-content\/uploads\/2024\/02\/logo-environpact-green.svg\",\"contentUrl\":\"https:\/\/environpact.com\/wp-content\/uploads\/2024\/02\/logo-environpact-green.svg\",\"width\":153,\"height\":53,\"caption\":\"EnvironPact\"},\"image\":{\"@id\":\"https:\/\/environpact.com\/es\/#\/schema\/logo\/image\/\"}}]}<\/script>\n<!-- \/ Yoast SEO plugin. -->","yoast_head_json":{"title":"HOME - EnvironPact","description":"Servi\u00e7os de consultoria t\u00e9cnica para impacto positivo nas \u00e1reas de Sustentabilidade, Risco e Seguran\u00e7a Operacional e Resili\u00eancia","robots":{"index":"index","follow":"follow","max-snippet":"max-snippet:-1","max-image-preview":"max-image-preview:large","max-video-preview":"max-video-preview:-1"},"canonical":"https:\/\/environpact.com\/es\/","og_locale":"es_ES","og_type":"article","og_title":"EnvironPact Sustentabilidade e Resili\u00eancia","og_description":"Servi\u00e7os de consultoria t\u00e9cnica para impacto positivo nas \u00e1reas de Sustentabilidade, Risco e Seguran\u00e7a Operacional e Resili\u00eancia","og_url":"https:\/\/environpact.com\/es\/","og_site_name":"EnvironPact","article_modified_time":"2025-02-25T15:51:25+00:00","og_image":[{"width":1024,"height":757,"url":"https:\/\/environpact.com\/wp-content\/uploads\/2024\/02\/img-1920px-1-1024x757.jpg","type":"image\/jpeg"}],"twitter_card":"summary_large_image","twitter_title":"EnvironPact Sustentabilidade e Resili\u00eancia","twitter_description":"Servi\u00e7os de consultoria t\u00e9cnica para impacto positivo nas \u00e1reas de Sustentabilidade, Risco e Seguran\u00e7a Operacional e Resili\u00eancia","twitter_image":"https:\/\/environpact.com\/wp-content\/uploads\/2024\/04\/img-home-emergencia.jpg","twitter_misc":{"Tiempo de lectura":"1 minuto"},"schema":{"@context":"https:\/\/schema.org","@graph":[{"@type":"WebPage","@id":"https:\/\/environpact.com\/es\/","url":"https:\/\/environpact.com\/es\/","name":"HOME - EnvironPact","isPartOf":{"@id":"https:\/\/environpact.com\/es\/#website"},"datePublished":"2024-01-05T18:37:48+00:00","dateModified":"2025-02-25T15:51:25+00:00","description":"Servi\u00e7os de consultoria t\u00e9cnica para impacto positivo nas \u00e1reas de Sustentabilidade, Risco e Seguran\u00e7a Operacional e Resili\u00eancia","breadcrumb":{"@id":"https:\/\/environpact.com\/es\/#breadcrumb"},"inLanguage":"es","potentialAction":[{"@type":"ReadAction","target":["https:\/\/environpact.com\/es\/"]}]},{"@type":"BreadcrumbList","@id":"https:\/\/environpact.com\/es\/#breadcrumb","itemListElement":[{"@type":"ListItem","position":1,"name":"In\u00edcio","item":"https:\/\/environpact.com\/es\/"},{"@type":"ListItem","position":2,"name":"HOME"}]},{"@type":"WebSite","@id":"https:\/\/environpact.com\/es\/#website","url":"https:\/\/environpact.com\/es\/","name":"EnvironPact","description":"Servi\u00e7os de consultoria t\u00e9cnica para impacto positivo nas \u00e1reas de Sustentabilidade, Risco e Seguran\u00e7a Operacional e Resili\u00eancia","publisher":{"@id":"https:\/\/environpact.com\/es\/#organization"},"potentialAction":[{"@type":"SearchAction","target":{"@type":"EntryPoint","urlTemplate":"https:\/\/environpact.com\/es\/?s={search_term_string}"},"query-input":{"@type":"PropertyValueSpecification","valueRequired":true,"valueName":"search_term_string"}}],"inLanguage":"es"},{"@type":"Organization","@id":"https:\/\/environpact.com\/es\/#organization","name":"EnvironPact","url":"https:\/\/environpact.com\/es\/","logo":{"@type":"ImageObject","inLanguage":"es","@id":"https:\/\/environpact.com\/es\/#\/schema\/logo\/image\/","url":"https:\/\/environpact.com\/wp-content\/uploads\/2024\/02\/logo-environpact-green.svg","contentUrl":"https:\/\/environpact.com\/wp-content\/uploads\/2024\/02\/logo-environpact-green.svg","width":153,"height":53,"caption":"EnvironPact"},"image":{"@id":"https:\/\/environpact.com\/es\/#\/schema\/logo\/image\/"}}]}},"_links":{"self":[{"href":"https:\/\/environpact.com\/es\/wp-json\/wp\/v2\/pages\/2288","targetHints":{"allow":["GET"]}}],"collection":[{"href":"https:\/\/environpact.com\/es\/wp-json\/wp\/v2\/pages"}],"about":[{"href":"https:\/\/environpact.com\/es\/wp-json\/wp\/v2\/types\/page"}],"author":[{"embeddable":true,"href":"https:\/\/environpact.com\/es\/wp-json\/wp\/v2\/users\/10"}],"replies":[{"embeddable":true,"href":"https:\/\/environpact.com\/es\/wp-json\/wp\/v2\/comments?post=2288"}],"version-history":[{"count":6,"href":"https:\/\/environpact.com\/es\/wp-json\/wp\/v2\/pages\/2288\/revisions"}],"predecessor-version":[{"id":2638,"href":"https:\/\/environpact.com\/es\/wp-json\/wp\/v2\/pages\/2288\/revisions\/2638"}],"wp:attachment":[{"href":"https:\/\/environpact.com\/es\/wp-json\/wp\/v2\/media?parent=2288"}],"curies":[{"name":"wp","href":"https:\/\/api.w.org\/{rel}","templated":true}]}}