{"id":2421,"date":"2024-02-01T19:48:44","date_gmt":"2024-02-01T22:48:44","guid":{"rendered":"https:\/\/environpact.com\/?page_id=2421"},"modified":"2025-02-14T16:05:44","modified_gmt":"2025-02-14T19:05:44","slug":"historia","status":"publish","type":"page","link":"https:\/\/environpact.com\/es\/sobre-nosotros\/historia\/","title":{"rendered":"HIST\u00d3RIA"},"content":{"rendered":"\n<p>EnvironPact fue fundada en 2008 por tres socios independientes que trabajaban en contratos de asociaci\u00f3n con <a href=\"https:\/\/oceanpact.com\/en\/home\/\" data-type=\"link\" data-id=\"https:\/\/oceanpact.com\/en\/home\/\">OceanPact<\/a>. En sus or\u00edgenes, EnvironPact ten\u00eda la misi\u00f3n de brindar servicios de consultor\u00eda t\u00e9cnica de alta calidad, personalizados seg\u00fan las necesidades del cliente.<\/p>\n\n\n\n<p>En ese momento, EnvironPact trabajaba en las \u00e1reas de control ambiental y prevenci\u00f3n de riesgos a la seguridad operacional y al medio ambiente. La cartera aument\u00f3 con la asociaci\u00f3n con OceanPact, cuando EnvironPact tambi\u00e9n comenz\u00f3 a ofrecer servicios de consultor\u00eda en preparaci\u00f3n y gesti\u00f3n de emergencias.<\/p>\n\n\n\n<p>En 2011, nos convertimos en O&#8217;Brien&#8217;s de Brasil. Aproximadamente un a\u00f1o despu\u00e9s, O&#8217;Brien&#8217;s Response Management form\u00f3 una empresa conjunta con Witt Associates, convirti\u00e9ndose en Witt O&#8217;Brien&#8217;s do Brasil, ampliando la gama de servicios y productos para nuestros clientes.<\/p>\n\n\n\n<p>En 2023, OceanPact compr\u00f3 por completo la participaci\u00f3n de Witt O&#8217;Brien&#8217;s EUA en la empresa conjunta de Witt O&#8217;Brien&#8217;s do Brasil. En este momento, EnvironPact, la unidad de consultor\u00eda de OceanPact, ha vuelto a utilizar su nombre original. Pero ahora con nombre y apellido: EnvironPact Sustenabilidade e Resili\u00eancia. Con la adquisici\u00f3n, EnvironPact Sustentabilidade e Resil\u00eancia pasa a ser 100% brasile\u00f1a, manteniendo su cartera de servicios y productos de consultor\u00eda en Sostenibilidad, Riesgo y Seguridad Operacional y Resiliencia.<\/p>\n","protected":false},"excerpt":{"rendered":"<p>EnvironPact fue fundada en 2008 por tres socios independientes que trabajaban en contratos de asociaci\u00f3n con OceanPact. En sus or\u00edgenes, EnvironPact ten\u00eda la misi\u00f3n de brindar servicios de consultor\u00eda t\u00e9cnica de alta calidad, personalizados seg\u00fan las necesidades del cliente. En ese momento, EnvironPact trabajaba en las \u00e1reas de control ambiental y prevenci\u00f3n de riesgos a\u2026<\/p>\n","protected":false},"author":10,"featured_media":1839,"parent":2419,"menu_order":7,"comment_status":"closed","ping_status":"closed","template":"page-historico.php","meta":{"_acf_changed":false,"footnotes":""},"class_list":["post-2421","page","type-page","status-publish","has-post-thumbnail","hentry"],"acf":[],"yoast_head":"<!-- This site is optimized with the Yoast SEO plugin v24.5 - https:\/\/yoast.com\/wordpress\/plugins\/seo\/ -->\n<title>HIST\u00d3RIA - EnvironPact<\/title>\n<meta name=\"robots\" content=\"index, follow, max-snippet:-1, max-image-preview:large, max-video-preview:-1\" \/>\n<link rel=\"canonical\" href=\"https:\/\/environpact.com\/es\/sobre-nosotros\/historia\/\" \/>\n<meta property=\"og:locale\" content=\"es_ES\" \/>\n<meta property=\"og:type\" content=\"article\" \/>\n<meta property=\"og:title\" content=\"HIST\u00d3RIA - EnvironPact\" \/>\n<meta property=\"og:description\" content=\"EnvironPact fue fundada en 2008 por tres socios independientes que trabajaban en contratos de asociaci\u00f3n con OceanPact. En sus or\u00edgenes, EnvironPact ten\u00eda la misi\u00f3n de brindar servicios de consultor\u00eda t\u00e9cnica de alta calidad, personalizados seg\u00fan las necesidades del cliente. En ese momento, EnvironPact trabajaba en las \u00e1reas de control ambiental y prevenci\u00f3n de riesgos a\u2026\" \/>\n<meta property=\"og:url\" content=\"https:\/\/environpact.com\/es\/sobre-nosotros\/historia\/\" \/>\n<meta property=\"og:site_name\" content=\"EnvironPact\" \/>\n<meta property=\"article:modified_time\" content=\"2025-02-14T19:05:44+00:00\" \/>\n<meta property=\"og:image\" content=\"https:\/\/environpact.com\/wp-content\/uploads\/2024\/02\/bg-historia.jpg\" \/>\n\t<meta property=\"og:image:width\" content=\"1439\" \/>\n\t<meta property=\"og:image:height\" content=\"600\" \/>\n\t<meta property=\"og:image:type\" content=\"image\/jpeg\" \/>\n<meta name=\"twitter:card\" content=\"summary_large_image\" \/>\n<meta name=\"twitter:label1\" content=\"Tiempo de lectura\" \/>\n\t<meta name=\"twitter:data1\" content=\"1 minuto\" \/>\n<script type=\"application\/ld+json\" class=\"yoast-schema-graph\">{\"@context\":\"https:\/\/schema.org\",\"@graph\":[{\"@type\":\"WebPage\",\"@id\":\"https:\/\/environpact.com\/es\/sobre-nosotros\/historia\/\",\"url\":\"https:\/\/environpact.com\/es\/sobre-nosotros\/historia\/\",\"name\":\"HIST\u00d3RIA - EnvironPact\",\"isPartOf\":{\"@id\":\"https:\/\/environpact.com\/es\/#website\"},\"primaryImageOfPage\":{\"@id\":\"https:\/\/environpact.com\/es\/sobre-nosotros\/historia\/#primaryimage\"},\"image\":{\"@id\":\"https:\/\/environpact.com\/es\/sobre-nosotros\/historia\/#primaryimage\"},\"thumbnailUrl\":\"https:\/\/environpact.com\/wp-content\/uploads\/2024\/02\/bg-historia.jpg\",\"datePublished\":\"2024-02-01T22:48:44+00:00\",\"dateModified\":\"2025-02-14T19:05:44+00:00\",\"breadcrumb\":{\"@id\":\"https:\/\/environpact.com\/es\/sobre-nosotros\/historia\/#breadcrumb\"},\"inLanguage\":\"es\",\"potentialAction\":[{\"@type\":\"ReadAction\",\"target\":[\"https:\/\/environpact.com\/es\/sobre-nosotros\/historia\/\"]}]},{\"@type\":\"ImageObject\",\"inLanguage\":\"es\",\"@id\":\"https:\/\/environpact.com\/es\/sobre-nosotros\/historia\/#primaryimage\",\"url\":\"https:\/\/environpact.com\/wp-content\/uploads\/2024\/02\/bg-historia.jpg\",\"contentUrl\":\"https:\/\/environpact.com\/wp-content\/uploads\/2024\/02\/bg-historia.jpg\",\"width\":1439,\"height\":600},{\"@type\":\"BreadcrumbList\",\"@id\":\"https:\/\/environpact.com\/es\/sobre-nosotros\/historia\/#breadcrumb\",\"itemListElement\":[{\"@type\":\"ListItem\",\"position\":1,\"name\":\"In\u00edcio\",\"item\":\"https:\/\/environpact.com\/es\/\"},{\"@type\":\"ListItem\",\"position\":2,\"name\":\"SOBRE NOSOTROS\",\"item\":\"https:\/\/environpact.com\/es\/sobre-nosotros\/\"},{\"@type\":\"ListItem\",\"position\":3,\"name\":\"HIST\u00d3RIA\"}]},{\"@type\":\"WebSite\",\"@id\":\"https:\/\/environpact.com\/es\/#website\",\"url\":\"https:\/\/environpact.com\/es\/\",\"name\":\"EnvironPact\",\"description\":\"Servi\u00e7os de consultoria t\u00e9cnica para impacto positivo nas \u00e1reas de Sustentabilidade, Risco e Seguran\u00e7a Operacional e Resili\u00eancia\",\"publisher\":{\"@id\":\"https:\/\/environpact.com\/es\/#organization\"},\"potentialAction\":[{\"@type\":\"SearchAction\",\"target\":{\"@type\":\"EntryPoint\",\"urlTemplate\":\"https:\/\/environpact.com\/es\/?s={search_term_string}\"},\"query-input\":{\"@type\":\"PropertyValueSpecification\",\"valueRequired\":true,\"valueName\":\"search_term_string\"}}],\"inLanguage\":\"es\"},{\"@type\":\"Organization\",\"@id\":\"https:\/\/environpact.com\/es\/#organization\",\"name\":\"EnvironPact\",\"url\":\"https:\/\/environpact.com\/es\/\",\"logo\":{\"@type\":\"ImageObject\",\"inLanguage\":\"es\",\"@id\":\"https:\/\/environpact.com\/es\/#\/schema\/logo\/image\/\",\"url\":\"https:\/\/environpact.com\/wp-content\/uploads\/2024\/02\/logo-environpact-green.svg\",\"contentUrl\":\"https:\/\/environpact.com\/wp-content\/uploads\/2024\/02\/logo-environpact-green.svg\",\"width\":153,\"height\":53,\"caption\":\"EnvironPact\"},\"image\":{\"@id\":\"https:\/\/environpact.com\/es\/#\/schema\/logo\/image\/\"}}]}<\/script>\n<!-- \/ Yoast SEO plugin. -->","yoast_head_json":{"title":"HIST\u00d3RIA - EnvironPact","robots":{"index":"index","follow":"follow","max-snippet":"max-snippet:-1","max-image-preview":"max-image-preview:large","max-video-preview":"max-video-preview:-1"},"canonical":"https:\/\/environpact.com\/es\/sobre-nosotros\/historia\/","og_locale":"es_ES","og_type":"article","og_title":"HIST\u00d3RIA - EnvironPact","og_description":"EnvironPact fue fundada en 2008 por tres socios independientes que trabajaban en contratos de asociaci\u00f3n con OceanPact. En sus or\u00edgenes, EnvironPact ten\u00eda la misi\u00f3n de brindar servicios de consultor\u00eda t\u00e9cnica de alta calidad, personalizados seg\u00fan las necesidades del cliente. En ese momento, EnvironPact trabajaba en las \u00e1reas de control ambiental y prevenci\u00f3n de riesgos a\u2026","og_url":"https:\/\/environpact.com\/es\/sobre-nosotros\/historia\/","og_site_name":"EnvironPact","article_modified_time":"2025-02-14T19:05:44+00:00","og_image":[{"width":1439,"height":600,"url":"https:\/\/environpact.com\/wp-content\/uploads\/2024\/02\/bg-historia.jpg","type":"image\/jpeg"}],"twitter_card":"summary_large_image","twitter_misc":{"Tiempo de lectura":"1 minuto"},"schema":{"@context":"https:\/\/schema.org","@graph":[{"@type":"WebPage","@id":"https:\/\/environpact.com\/es\/sobre-nosotros\/historia\/","url":"https:\/\/environpact.com\/es\/sobre-nosotros\/historia\/","name":"HIST\u00d3RIA - EnvironPact","isPartOf":{"@id":"https:\/\/environpact.com\/es\/#website"},"primaryImageOfPage":{"@id":"https:\/\/environpact.com\/es\/sobre-nosotros\/historia\/#primaryimage"},"image":{"@id":"https:\/\/environpact.com\/es\/sobre-nosotros\/historia\/#primaryimage"},"thumbnailUrl":"https:\/\/environpact.com\/wp-content\/uploads\/2024\/02\/bg-historia.jpg","datePublished":"2024-02-01T22:48:44+00:00","dateModified":"2025-02-14T19:05:44+00:00","breadcrumb":{"@id":"https:\/\/environpact.com\/es\/sobre-nosotros\/historia\/#breadcrumb"},"inLanguage":"es","potentialAction":[{"@type":"ReadAction","target":["https:\/\/environpact.com\/es\/sobre-nosotros\/historia\/"]}]},{"@type":"ImageObject","inLanguage":"es","@id":"https:\/\/environpact.com\/es\/sobre-nosotros\/historia\/#primaryimage","url":"https:\/\/environpact.com\/wp-content\/uploads\/2024\/02\/bg-historia.jpg","contentUrl":"https:\/\/environpact.com\/wp-content\/uploads\/2024\/02\/bg-historia.jpg","width":1439,"height":600},{"@type":"BreadcrumbList","@id":"https:\/\/environpact.com\/es\/sobre-nosotros\/historia\/#breadcrumb","itemListElement":[{"@type":"ListItem","position":1,"name":"In\u00edcio","item":"https:\/\/environpact.com\/es\/"},{"@type":"ListItem","position":2,"name":"SOBRE NOSOTROS","item":"https:\/\/environpact.com\/es\/sobre-nosotros\/"},{"@type":"ListItem","position":3,"name":"HIST\u00d3RIA"}]},{"@type":"WebSite","@id":"https:\/\/environpact.com\/es\/#website","url":"https:\/\/environpact.com\/es\/","name":"EnvironPact","description":"Servi\u00e7os de consultoria t\u00e9cnica para impacto positivo nas \u00e1reas de Sustentabilidade, Risco e Seguran\u00e7a Operacional e Resili\u00eancia","publisher":{"@id":"https:\/\/environpact.com\/es\/#organization"},"potentialAction":[{"@type":"SearchAction","target":{"@type":"EntryPoint","urlTemplate":"https:\/\/environpact.com\/es\/?s={search_term_string}"},"query-input":{"@type":"PropertyValueSpecification","valueRequired":true,"valueName":"search_term_string"}}],"inLanguage":"es"},{"@type":"Organization","@id":"https:\/\/environpact.com\/es\/#organization","name":"EnvironPact","url":"https:\/\/environpact.com\/es\/","logo":{"@type":"ImageObject","inLanguage":"es","@id":"https:\/\/environpact.com\/es\/#\/schema\/logo\/image\/","url":"https:\/\/environpact.com\/wp-content\/uploads\/2024\/02\/logo-environpact-green.svg","contentUrl":"https:\/\/environpact.com\/wp-content\/uploads\/2024\/02\/logo-environpact-green.svg","width":153,"height":53,"caption":"EnvironPact"},"image":{"@id":"https:\/\/environpact.com\/es\/#\/schema\/logo\/image\/"}}]}},"_links":{"self":[{"href":"https:\/\/environpact.com\/es\/wp-json\/wp\/v2\/pages\/2421","targetHints":{"allow":["GET"]}}],"collection":[{"href":"https:\/\/environpact.com\/es\/wp-json\/wp\/v2\/pages"}],"about":[{"href":"https:\/\/environpact.com\/es\/wp-json\/wp\/v2\/types\/page"}],"author":[{"embeddable":true,"href":"https:\/\/environpact.com\/es\/wp-json\/wp\/v2\/users\/10"}],"replies":[{"embeddable":true,"href":"https:\/\/environpact.com\/es\/wp-json\/wp\/v2\/comments?post=2421"}],"version-history":[{"count":4,"href":"https:\/\/environpact.com\/es\/wp-json\/wp\/v2\/pages\/2421\/revisions"}],"predecessor-version":[{"id":2635,"href":"https:\/\/environpact.com\/es\/wp-json\/wp\/v2\/pages\/2421\/revisions\/2635"}],"up":[{"embeddable":true,"href":"https:\/\/environpact.com\/es\/wp-json\/wp\/v2\/pages\/2419"}],"wp:featuredmedia":[{"embeddable":true,"href":"https:\/\/environpact.com\/es\/wp-json\/wp\/v2\/media\/1839"}],"wp:attachment":[{"href":"https:\/\/environpact.com\/es\/wp-json\/wp\/v2\/media?parent=2421"}],"curies":[{"name":"wp","href":"https:\/\/api.w.org\/{rel}","templated":true}]}}