{"id":2441,"date":"2024-02-01T11:38:35","date_gmt":"2024-02-01T14:38:35","guid":{"rendered":"https:\/\/environpact.com\/?page_id=2441"},"modified":"2025-01-24T18:29:07","modified_gmt":"2025-01-24T21:29:07","slug":"mision-vision-y-valores","status":"publish","type":"page","link":"https:\/\/environpact.com\/es\/sobre-nosotros\/mision-vision-y-valores\/","title":{"rendered":"MISI\u00d3N, VISI\u00d3N Y VALORES"},"content":{"rendered":"","protected":false},"excerpt":{"rendered":"","protected":false},"author":10,"featured_media":2127,"parent":2419,"menu_order":11,"comment_status":"closed","ping_status":"closed","template":"page-missao.php","meta":{"_acf_changed":false,"footnotes":""},"class_list":["post-2441","page","type-page","status-publish","has-post-thumbnail","hentry"],"acf":[],"yoast_head":"<!-- This site is optimized with the Yoast SEO plugin v24.5 - https:\/\/yoast.com\/wordpress\/plugins\/seo\/ -->\n<title>MISI\u00d3N, VISI\u00d3N Y VALORES - EnvironPact<\/title>\n<meta name=\"robots\" content=\"index, follow, max-snippet:-1, max-image-preview:large, max-video-preview:-1\" \/>\n<link rel=\"canonical\" href=\"https:\/\/environpact.com\/es\/sobre-nosotros\/mision-vision-y-valores\/\" \/>\n<meta property=\"og:locale\" content=\"es_ES\" \/>\n<meta property=\"og:type\" content=\"article\" \/>\n<meta property=\"og:title\" content=\"MISI\u00d3N, VISI\u00d3N Y VALORES - EnvironPact\" \/>\n<meta property=\"og:url\" content=\"https:\/\/environpact.com\/es\/sobre-nosotros\/mision-vision-y-valores\/\" \/>\n<meta property=\"og:site_name\" content=\"EnvironPact\" \/>\n<meta property=\"article:modified_time\" content=\"2025-01-24T21:29:07+00:00\" \/>\n<meta property=\"og:image\" content=\"https:\/\/environpact.com\/wp-content\/uploads\/2024\/04\/missao-e1714142197580.png\" \/>\n\t<meta property=\"og:image:width\" content=\"1440\" \/>\n\t<meta property=\"og:image:height\" content=\"599\" \/>\n\t<meta property=\"og:image:type\" content=\"image\/png\" \/>\n<meta name=\"twitter:card\" content=\"summary_large_image\" \/>\n<script type=\"application\/ld+json\" class=\"yoast-schema-graph\">{\"@context\":\"https:\/\/schema.org\",\"@graph\":[{\"@type\":\"WebPage\",\"@id\":\"https:\/\/environpact.com\/es\/sobre-nosotros\/mision-vision-y-valores\/\",\"url\":\"https:\/\/environpact.com\/es\/sobre-nosotros\/mision-vision-y-valores\/\",\"name\":\"MISI\u00d3N, VISI\u00d3N Y VALORES - EnvironPact\",\"isPartOf\":{\"@id\":\"https:\/\/environpact.com\/es\/#website\"},\"primaryImageOfPage\":{\"@id\":\"https:\/\/environpact.com\/es\/sobre-nosotros\/mision-vision-y-valores\/#primaryimage\"},\"image\":{\"@id\":\"https:\/\/environpact.com\/es\/sobre-nosotros\/mision-vision-y-valores\/#primaryimage\"},\"thumbnailUrl\":\"https:\/\/environpact.com\/wp-content\/uploads\/2024\/04\/missao-e1714142197580.png\",\"datePublished\":\"2024-02-01T14:38:35+00:00\",\"dateModified\":\"2025-01-24T21:29:07+00:00\",\"breadcrumb\":{\"@id\":\"https:\/\/environpact.com\/es\/sobre-nosotros\/mision-vision-y-valores\/#breadcrumb\"},\"inLanguage\":\"es\",\"potentialAction\":[{\"@type\":\"ReadAction\",\"target\":[\"https:\/\/environpact.com\/es\/sobre-nosotros\/mision-vision-y-valores\/\"]}]},{\"@type\":\"ImageObject\",\"inLanguage\":\"es\",\"@id\":\"https:\/\/environpact.com\/es\/sobre-nosotros\/mision-vision-y-valores\/#primaryimage\",\"url\":\"https:\/\/environpact.com\/wp-content\/uploads\/2024\/04\/missao-e1714142197580.png\",\"contentUrl\":\"https:\/\/environpact.com\/wp-content\/uploads\/2024\/04\/missao-e1714142197580.png\",\"width\":1440,\"height\":599},{\"@type\":\"BreadcrumbList\",\"@id\":\"https:\/\/environpact.com\/es\/sobre-nosotros\/mision-vision-y-valores\/#breadcrumb\",\"itemListElement\":[{\"@type\":\"ListItem\",\"position\":1,\"name\":\"In\u00edcio\",\"item\":\"https:\/\/environpact.com\/es\/\"},{\"@type\":\"ListItem\",\"position\":2,\"name\":\"SOBRE NOSOTROS\",\"item\":\"https:\/\/environpact.com\/es\/sobre-nosotros\/\"},{\"@type\":\"ListItem\",\"position\":3,\"name\":\"MISI\u00d3N, VISI\u00d3N Y VALORES\"}]},{\"@type\":\"WebSite\",\"@id\":\"https:\/\/environpact.com\/es\/#website\",\"url\":\"https:\/\/environpact.com\/es\/\",\"name\":\"EnvironPact\",\"description\":\"Servi\u00e7os de consultoria t\u00e9cnica para impacto positivo nas \u00e1reas de Sustentabilidade, Risco e Seguran\u00e7a Operacional e Resili\u00eancia\",\"publisher\":{\"@id\":\"https:\/\/environpact.com\/es\/#organization\"},\"potentialAction\":[{\"@type\":\"SearchAction\",\"target\":{\"@type\":\"EntryPoint\",\"urlTemplate\":\"https:\/\/environpact.com\/es\/?s={search_term_string}\"},\"query-input\":{\"@type\":\"PropertyValueSpecification\",\"valueRequired\":true,\"valueName\":\"search_term_string\"}}],\"inLanguage\":\"es\"},{\"@type\":\"Organization\",\"@id\":\"https:\/\/environpact.com\/es\/#organization\",\"name\":\"EnvironPact\",\"url\":\"https:\/\/environpact.com\/es\/\",\"logo\":{\"@type\":\"ImageObject\",\"inLanguage\":\"es\",\"@id\":\"https:\/\/environpact.com\/es\/#\/schema\/logo\/image\/\",\"url\":\"https:\/\/environpact.com\/wp-content\/uploads\/2024\/02\/logo-environpact-green.svg\",\"contentUrl\":\"https:\/\/environpact.com\/wp-content\/uploads\/2024\/02\/logo-environpact-green.svg\",\"width\":153,\"height\":53,\"caption\":\"EnvironPact\"},\"image\":{\"@id\":\"https:\/\/environpact.com\/es\/#\/schema\/logo\/image\/\"}}]}<\/script>\n<!-- \/ Yoast SEO plugin. -->","yoast_head_json":{"title":"MISI\u00d3N, VISI\u00d3N Y VALORES - EnvironPact","robots":{"index":"index","follow":"follow","max-snippet":"max-snippet:-1","max-image-preview":"max-image-preview:large","max-video-preview":"max-video-preview:-1"},"canonical":"https:\/\/environpact.com\/es\/sobre-nosotros\/mision-vision-y-valores\/","og_locale":"es_ES","og_type":"article","og_title":"MISI\u00d3N, VISI\u00d3N Y VALORES - EnvironPact","og_url":"https:\/\/environpact.com\/es\/sobre-nosotros\/mision-vision-y-valores\/","og_site_name":"EnvironPact","article_modified_time":"2025-01-24T21:29:07+00:00","og_image":[{"width":1440,"height":599,"url":"https:\/\/environpact.com\/wp-content\/uploads\/2024\/04\/missao-e1714142197580.png","type":"image\/png"}],"twitter_card":"summary_large_image","schema":{"@context":"https:\/\/schema.org","@graph":[{"@type":"WebPage","@id":"https:\/\/environpact.com\/es\/sobre-nosotros\/mision-vision-y-valores\/","url":"https:\/\/environpact.com\/es\/sobre-nosotros\/mision-vision-y-valores\/","name":"MISI\u00d3N, VISI\u00d3N Y VALORES - EnvironPact","isPartOf":{"@id":"https:\/\/environpact.com\/es\/#website"},"primaryImageOfPage":{"@id":"https:\/\/environpact.com\/es\/sobre-nosotros\/mision-vision-y-valores\/#primaryimage"},"image":{"@id":"https:\/\/environpact.com\/es\/sobre-nosotros\/mision-vision-y-valores\/#primaryimage"},"thumbnailUrl":"https:\/\/environpact.com\/wp-content\/uploads\/2024\/04\/missao-e1714142197580.png","datePublished":"2024-02-01T14:38:35+00:00","dateModified":"2025-01-24T21:29:07+00:00","breadcrumb":{"@id":"https:\/\/environpact.com\/es\/sobre-nosotros\/mision-vision-y-valores\/#breadcrumb"},"inLanguage":"es","potentialAction":[{"@type":"ReadAction","target":["https:\/\/environpact.com\/es\/sobre-nosotros\/mision-vision-y-valores\/"]}]},{"@type":"ImageObject","inLanguage":"es","@id":"https:\/\/environpact.com\/es\/sobre-nosotros\/mision-vision-y-valores\/#primaryimage","url":"https:\/\/environpact.com\/wp-content\/uploads\/2024\/04\/missao-e1714142197580.png","contentUrl":"https:\/\/environpact.com\/wp-content\/uploads\/2024\/04\/missao-e1714142197580.png","width":1440,"height":599},{"@type":"BreadcrumbList","@id":"https:\/\/environpact.com\/es\/sobre-nosotros\/mision-vision-y-valores\/#breadcrumb","itemListElement":[{"@type":"ListItem","position":1,"name":"In\u00edcio","item":"https:\/\/environpact.com\/es\/"},{"@type":"ListItem","position":2,"name":"SOBRE NOSOTROS","item":"https:\/\/environpact.com\/es\/sobre-nosotros\/"},{"@type":"ListItem","position":3,"name":"MISI\u00d3N, VISI\u00d3N Y VALORES"}]},{"@type":"WebSite","@id":"https:\/\/environpact.com\/es\/#website","url":"https:\/\/environpact.com\/es\/","name":"EnvironPact","description":"Servi\u00e7os de consultoria t\u00e9cnica para impacto positivo nas \u00e1reas de Sustentabilidade, Risco e Seguran\u00e7a Operacional e Resili\u00eancia","publisher":{"@id":"https:\/\/environpact.com\/es\/#organization"},"potentialAction":[{"@type":"SearchAction","target":{"@type":"EntryPoint","urlTemplate":"https:\/\/environpact.com\/es\/?s={search_term_string}"},"query-input":{"@type":"PropertyValueSpecification","valueRequired":true,"valueName":"search_term_string"}}],"inLanguage":"es"},{"@type":"Organization","@id":"https:\/\/environpact.com\/es\/#organization","name":"EnvironPact","url":"https:\/\/environpact.com\/es\/","logo":{"@type":"ImageObject","inLanguage":"es","@id":"https:\/\/environpact.com\/es\/#\/schema\/logo\/image\/","url":"https:\/\/environpact.com\/wp-content\/uploads\/2024\/02\/logo-environpact-green.svg","contentUrl":"https:\/\/environpact.com\/wp-content\/uploads\/2024\/02\/logo-environpact-green.svg","width":153,"height":53,"caption":"EnvironPact"},"image":{"@id":"https:\/\/environpact.com\/es\/#\/schema\/logo\/image\/"}}]}},"_links":{"self":[{"href":"https:\/\/environpact.com\/es\/wp-json\/wp\/v2\/pages\/2441","targetHints":{"allow":["GET"]}}],"collection":[{"href":"https:\/\/environpact.com\/es\/wp-json\/wp\/v2\/pages"}],"about":[{"href":"https:\/\/environpact.com\/es\/wp-json\/wp\/v2\/types\/page"}],"author":[{"embeddable":true,"href":"https:\/\/environpact.com\/es\/wp-json\/wp\/v2\/users\/10"}],"replies":[{"embeddable":true,"href":"https:\/\/environpact.com\/es\/wp-json\/wp\/v2\/comments?post=2441"}],"version-history":[{"count":5,"href":"https:\/\/environpact.com\/es\/wp-json\/wp\/v2\/pages\/2441\/revisions"}],"predecessor-version":[{"id":2447,"href":"https:\/\/environpact.com\/es\/wp-json\/wp\/v2\/pages\/2441\/revisions\/2447"}],"up":[{"embeddable":true,"href":"https:\/\/environpact.com\/es\/wp-json\/wp\/v2\/pages\/2419"}],"wp:featuredmedia":[{"embeddable":true,"href":"https:\/\/environpact.com\/es\/wp-json\/wp\/v2\/media\/2127"}],"wp:attachment":[{"href":"https:\/\/environpact.com\/es\/wp-json\/wp\/v2\/media?parent=2441"}],"curies":[{"name":"wp","href":"https:\/\/api.w.org\/{rel}","templated":true}]}}