{"id":2453,"date":"2024-02-06T15:49:32","date_gmt":"2024-02-06T18:49:32","guid":{"rendered":"https:\/\/environpact.com\/?page_id=2453"},"modified":"2025-01-24T19:04:14","modified_gmt":"2025-01-24T22:04:14","slug":"sostenibilidad","status":"publish","type":"page","link":"https:\/\/environpact.com\/es\/sostenibilidad\/","title":{"rendered":"SOSTENIBILIDAD"},"content":{"rendered":"\n<p><\/p>\n\n\n\n<p>Combinamos conocimiento cient\u00edfico y operacional en la implementaci\u00f3n de soluciones integradas y personalizadas en gesti\u00f3n y an\u00e1lisis ambiental a lo largo de todo el ciclo de vida de los proyectos de nuestros clientes. Actualmente, somos l\u00edderes en el mercado nacional en estudios y proyectos socioambientales para el sector de petr\u00f3leo y gas. <br><br>Poseemos un amplio conocimiento de la din\u00e1mica y del mercado brasile\u00f1o, combinado con experiencia en protocolos para la reducci\u00f3n de impactos y riesgos socioambientales de las operaciones, alineados con las exigencias legales y las buenas pr\u00e1cticas internacionales. En sinton\u00eda con las estrategias empresariales de nuestros clientes, contribuimos al fortalecimiento de la sostenibilidad corporativa. Podemos apoyar en toda la trayectoria de sostenibilidad o en puntos espec\u00edficos. Actuamos a trav\u00e9s de decisiones responsables e impactos positivos, guiando a nuestros clientes hacia un futuro sostenible y resiliente<\/p>\n","protected":false},"excerpt":{"rendered":"<p>Combinamos conocimiento cient\u00edfico y operacional en la implementaci\u00f3n de soluciones integradas y personalizadas en gesti\u00f3n y an\u00e1lisis ambiental a lo largo de todo el ciclo de vida de los proyectos de nuestros clientes. Actualmente, somos l\u00edderes en el mercado nacional en estudios y proyectos socioambientales para el sector de petr\u00f3leo y gas. Poseemos un amplio\u2026<\/p>\n","protected":false},"author":10,"featured_media":1915,"parent":0,"menu_order":16,"comment_status":"closed","ping_status":"closed","template":"page-meio-ambiente.php","meta":{"_acf_changed":false,"footnotes":""},"class_list":["post-2453","page","type-page","status-publish","has-post-thumbnail","hentry"],"acf":[],"yoast_head":"<!-- This site is optimized with the Yoast SEO plugin v24.5 - https:\/\/yoast.com\/wordpress\/plugins\/seo\/ -->\n<title>SOSTENIBILIDAD - EnvironPact<\/title>\n<meta name=\"robots\" content=\"index, follow, max-snippet:-1, max-image-preview:large, max-video-preview:-1\" \/>\n<link rel=\"canonical\" href=\"https:\/\/environpact.com\/es\/sostenibilidad\/\" \/>\n<meta property=\"og:locale\" content=\"es_ES\" \/>\n<meta property=\"og:type\" content=\"article\" \/>\n<meta property=\"og:title\" content=\"SOSTENIBILIDAD - EnvironPact\" \/>\n<meta property=\"og:description\" content=\"Combinamos conocimiento cient\u00edfico y operacional en la implementaci\u00f3n de soluciones integradas y personalizadas en gesti\u00f3n y an\u00e1lisis ambiental a lo largo de todo el ciclo de vida de los proyectos de nuestros clientes. Actualmente, somos l\u00edderes en el mercado nacional en estudios y proyectos socioambientales para el sector de petr\u00f3leo y gas. Poseemos un amplio\u2026\" \/>\n<meta property=\"og:url\" content=\"https:\/\/environpact.com\/es\/sostenibilidad\/\" \/>\n<meta property=\"og:site_name\" content=\"EnvironPact\" \/>\n<meta property=\"article:modified_time\" content=\"2025-01-24T22:04:14+00:00\" \/>\n<meta property=\"og:image\" content=\"https:\/\/environpact.com\/wp-content\/uploads\/2024\/03\/bg-meio-ambiente.jpg\" \/>\n\t<meta property=\"og:image:width\" content=\"1440\" \/>\n\t<meta property=\"og:image:height\" content=\"601\" \/>\n\t<meta property=\"og:image:type\" content=\"image\/jpeg\" \/>\n<meta name=\"twitter:card\" content=\"summary_large_image\" \/>\n<meta name=\"twitter:label1\" content=\"Tiempo de lectura\" \/>\n\t<meta name=\"twitter:data1\" content=\"1 minuto\" \/>\n<script type=\"application\/ld+json\" class=\"yoast-schema-graph\">{\"@context\":\"https:\/\/schema.org\",\"@graph\":[{\"@type\":\"WebPage\",\"@id\":\"https:\/\/environpact.com\/es\/sostenibilidad\/\",\"url\":\"https:\/\/environpact.com\/es\/sostenibilidad\/\",\"name\":\"SOSTENIBILIDAD - EnvironPact\",\"isPartOf\":{\"@id\":\"https:\/\/environpact.com\/es\/#website\"},\"primaryImageOfPage\":{\"@id\":\"https:\/\/environpact.com\/es\/sostenibilidad\/#primaryimage\"},\"image\":{\"@id\":\"https:\/\/environpact.com\/es\/sostenibilidad\/#primaryimage\"},\"thumbnailUrl\":\"https:\/\/environpact.com\/wp-content\/uploads\/2024\/03\/bg-meio-ambiente.jpg\",\"datePublished\":\"2024-02-06T18:49:32+00:00\",\"dateModified\":\"2025-01-24T22:04:14+00:00\",\"breadcrumb\":{\"@id\":\"https:\/\/environpact.com\/es\/sostenibilidad\/#breadcrumb\"},\"inLanguage\":\"es\",\"potentialAction\":[{\"@type\":\"ReadAction\",\"target\":[\"https:\/\/environpact.com\/es\/sostenibilidad\/\"]}]},{\"@type\":\"ImageObject\",\"inLanguage\":\"es\",\"@id\":\"https:\/\/environpact.com\/es\/sostenibilidad\/#primaryimage\",\"url\":\"https:\/\/environpact.com\/wp-content\/uploads\/2024\/03\/bg-meio-ambiente.jpg\",\"contentUrl\":\"https:\/\/environpact.com\/wp-content\/uploads\/2024\/03\/bg-meio-ambiente.jpg\",\"width\":1440,\"height\":601},{\"@type\":\"BreadcrumbList\",\"@id\":\"https:\/\/environpact.com\/es\/sostenibilidad\/#breadcrumb\",\"itemListElement\":[{\"@type\":\"ListItem\",\"position\":1,\"name\":\"In\u00edcio\",\"item\":\"https:\/\/environpact.com\/es\/\"},{\"@type\":\"ListItem\",\"position\":2,\"name\":\"SOSTENIBILIDAD\"}]},{\"@type\":\"WebSite\",\"@id\":\"https:\/\/environpact.com\/es\/#website\",\"url\":\"https:\/\/environpact.com\/es\/\",\"name\":\"EnvironPact\",\"description\":\"Servi\u00e7os de consultoria t\u00e9cnica para impacto positivo nas \u00e1reas de Sustentabilidade, Risco e Seguran\u00e7a Operacional e Resili\u00eancia\",\"publisher\":{\"@id\":\"https:\/\/environpact.com\/es\/#organization\"},\"potentialAction\":[{\"@type\":\"SearchAction\",\"target\":{\"@type\":\"EntryPoint\",\"urlTemplate\":\"https:\/\/environpact.com\/es\/?s={search_term_string}\"},\"query-input\":{\"@type\":\"PropertyValueSpecification\",\"valueRequired\":true,\"valueName\":\"search_term_string\"}}],\"inLanguage\":\"es\"},{\"@type\":\"Organization\",\"@id\":\"https:\/\/environpact.com\/es\/#organization\",\"name\":\"EnvironPact\",\"url\":\"https:\/\/environpact.com\/es\/\",\"logo\":{\"@type\":\"ImageObject\",\"inLanguage\":\"es\",\"@id\":\"https:\/\/environpact.com\/es\/#\/schema\/logo\/image\/\",\"url\":\"https:\/\/environpact.com\/wp-content\/uploads\/2024\/02\/logo-environpact-green.svg\",\"contentUrl\":\"https:\/\/environpact.com\/wp-content\/uploads\/2024\/02\/logo-environpact-green.svg\",\"width\":153,\"height\":53,\"caption\":\"EnvironPact\"},\"image\":{\"@id\":\"https:\/\/environpact.com\/es\/#\/schema\/logo\/image\/\"}}]}<\/script>\n<!-- \/ Yoast SEO plugin. -->","yoast_head_json":{"title":"SOSTENIBILIDAD - EnvironPact","robots":{"index":"index","follow":"follow","max-snippet":"max-snippet:-1","max-image-preview":"max-image-preview:large","max-video-preview":"max-video-preview:-1"},"canonical":"https:\/\/environpact.com\/es\/sostenibilidad\/","og_locale":"es_ES","og_type":"article","og_title":"SOSTENIBILIDAD - EnvironPact","og_description":"Combinamos conocimiento cient\u00edfico y operacional en la implementaci\u00f3n de soluciones integradas y personalizadas en gesti\u00f3n y an\u00e1lisis ambiental a lo largo de todo el ciclo de vida de los proyectos de nuestros clientes. Actualmente, somos l\u00edderes en el mercado nacional en estudios y proyectos socioambientales para el sector de petr\u00f3leo y gas. Poseemos un amplio\u2026","og_url":"https:\/\/environpact.com\/es\/sostenibilidad\/","og_site_name":"EnvironPact","article_modified_time":"2025-01-24T22:04:14+00:00","og_image":[{"width":1440,"height":601,"url":"https:\/\/environpact.com\/wp-content\/uploads\/2024\/03\/bg-meio-ambiente.jpg","type":"image\/jpeg"}],"twitter_card":"summary_large_image","twitter_misc":{"Tiempo de lectura":"1 minuto"},"schema":{"@context":"https:\/\/schema.org","@graph":[{"@type":"WebPage","@id":"https:\/\/environpact.com\/es\/sostenibilidad\/","url":"https:\/\/environpact.com\/es\/sostenibilidad\/","name":"SOSTENIBILIDAD - EnvironPact","isPartOf":{"@id":"https:\/\/environpact.com\/es\/#website"},"primaryImageOfPage":{"@id":"https:\/\/environpact.com\/es\/sostenibilidad\/#primaryimage"},"image":{"@id":"https:\/\/environpact.com\/es\/sostenibilidad\/#primaryimage"},"thumbnailUrl":"https:\/\/environpact.com\/wp-content\/uploads\/2024\/03\/bg-meio-ambiente.jpg","datePublished":"2024-02-06T18:49:32+00:00","dateModified":"2025-01-24T22:04:14+00:00","breadcrumb":{"@id":"https:\/\/environpact.com\/es\/sostenibilidad\/#breadcrumb"},"inLanguage":"es","potentialAction":[{"@type":"ReadAction","target":["https:\/\/environpact.com\/es\/sostenibilidad\/"]}]},{"@type":"ImageObject","inLanguage":"es","@id":"https:\/\/environpact.com\/es\/sostenibilidad\/#primaryimage","url":"https:\/\/environpact.com\/wp-content\/uploads\/2024\/03\/bg-meio-ambiente.jpg","contentUrl":"https:\/\/environpact.com\/wp-content\/uploads\/2024\/03\/bg-meio-ambiente.jpg","width":1440,"height":601},{"@type":"BreadcrumbList","@id":"https:\/\/environpact.com\/es\/sostenibilidad\/#breadcrumb","itemListElement":[{"@type":"ListItem","position":1,"name":"In\u00edcio","item":"https:\/\/environpact.com\/es\/"},{"@type":"ListItem","position":2,"name":"SOSTENIBILIDAD"}]},{"@type":"WebSite","@id":"https:\/\/environpact.com\/es\/#website","url":"https:\/\/environpact.com\/es\/","name":"EnvironPact","description":"Servi\u00e7os de consultoria t\u00e9cnica para impacto positivo nas \u00e1reas de Sustentabilidade, Risco e Seguran\u00e7a Operacional e Resili\u00eancia","publisher":{"@id":"https:\/\/environpact.com\/es\/#organization"},"potentialAction":[{"@type":"SearchAction","target":{"@type":"EntryPoint","urlTemplate":"https:\/\/environpact.com\/es\/?s={search_term_string}"},"query-input":{"@type":"PropertyValueSpecification","valueRequired":true,"valueName":"search_term_string"}}],"inLanguage":"es"},{"@type":"Organization","@id":"https:\/\/environpact.com\/es\/#organization","name":"EnvironPact","url":"https:\/\/environpact.com\/es\/","logo":{"@type":"ImageObject","inLanguage":"es","@id":"https:\/\/environpact.com\/es\/#\/schema\/logo\/image\/","url":"https:\/\/environpact.com\/wp-content\/uploads\/2024\/02\/logo-environpact-green.svg","contentUrl":"https:\/\/environpact.com\/wp-content\/uploads\/2024\/02\/logo-environpact-green.svg","width":153,"height":53,"caption":"EnvironPact"},"image":{"@id":"https:\/\/environpact.com\/es\/#\/schema\/logo\/image\/"}}]}},"_links":{"self":[{"href":"https:\/\/environpact.com\/es\/wp-json\/wp\/v2\/pages\/2453","targetHints":{"allow":["GET"]}}],"collection":[{"href":"https:\/\/environpact.com\/es\/wp-json\/wp\/v2\/pages"}],"about":[{"href":"https:\/\/environpact.com\/es\/wp-json\/wp\/v2\/types\/page"}],"author":[{"embeddable":true,"href":"https:\/\/environpact.com\/es\/wp-json\/wp\/v2\/users\/10"}],"replies":[{"embeddable":true,"href":"https:\/\/environpact.com\/es\/wp-json\/wp\/v2\/comments?post=2453"}],"version-history":[{"count":3,"href":"https:\/\/environpact.com\/es\/wp-json\/wp\/v2\/pages\/2453\/revisions"}],"predecessor-version":[{"id":2457,"href":"https:\/\/environpact.com\/es\/wp-json\/wp\/v2\/pages\/2453\/revisions\/2457"}],"wp:featuredmedia":[{"embeddable":true,"href":"https:\/\/environpact.com\/es\/wp-json\/wp\/v2\/media\/1915"}],"wp:attachment":[{"href":"https:\/\/environpact.com\/es\/wp-json\/wp\/v2\/media?parent=2453"}],"curies":[{"name":"wp","href":"https:\/\/api.w.org\/{rel}","templated":true}]}}