{"id":2458,"date":"2024-02-08T15:45:27","date_gmt":"2024-02-08T18:45:27","guid":{"rendered":"https:\/\/environpact.com\/?page_id=2458"},"modified":"2025-01-24T19:17:43","modified_gmt":"2025-01-24T22:17:43","slug":"riesgos-y-seguridad-operativa","status":"publish","type":"page","link":"https:\/\/environpact.com\/es\/riesgos-y-seguridad-operativa\/","title":{"rendered":"RIESGOS Y SEGURIDAD OPERATIVA"},"content":{"rendered":"\n<p>Trabajamos desde la concepci\u00f3n hasta la implementaci\u00f3n de diversas soluciones encaminadas a prevenir eventos industriales accidentales, cubriendo todas las etapas del ciclo de vida de proyectos con un alto grado de riesgo y complejidad, desde el dise\u00f1o conceptual hasta el desmantelamiento.<\/p>\n","protected":false},"excerpt":{"rendered":"<p>Trabajamos desde la concepci\u00f3n hasta la implementaci\u00f3n de diversas soluciones encaminadas a prevenir eventos industriales accidentales, cubriendo todas las etapas del ciclo de vida de proyectos con un alto grado de riesgo y complejidad, desde el dise\u00f1o conceptual hasta el desmantelamiento.<\/p>\n","protected":false},"author":10,"featured_media":2231,"parent":0,"menu_order":19,"comment_status":"closed","ping_status":"closed","template":"page-risco-seguran\u00e7a-operacional.php","meta":{"_acf_changed":false,"footnotes":""},"class_list":["post-2458","page","type-page","status-publish","has-post-thumbnail","hentry"],"acf":[],"yoast_head":"<!-- This site is optimized with the Yoast SEO plugin v24.5 - https:\/\/yoast.com\/wordpress\/plugins\/seo\/ -->\n<title>RIESGOS Y SEGURIDAD OPERATIVA - EnvironPact<\/title>\n<meta name=\"robots\" content=\"index, follow, max-snippet:-1, max-image-preview:large, max-video-preview:-1\" \/>\n<link rel=\"canonical\" href=\"https:\/\/environpact.com\/es\/riesgos-y-seguridad-operativa\/\" \/>\n<meta property=\"og:locale\" content=\"es_ES\" \/>\n<meta property=\"og:type\" content=\"article\" \/>\n<meta property=\"og:title\" content=\"RIESGOS Y SEGURIDAD OPERATIVA - EnvironPact\" \/>\n<meta property=\"og:description\" content=\"Trabajamos desde la concepci\u00f3n hasta la implementaci\u00f3n de diversas soluciones encaminadas a prevenir eventos industriales accidentales, cubriendo todas las etapas del ciclo de vida de proyectos con un alto grado de riesgo y complejidad, desde el dise\u00f1o conceptual hasta el desmantelamiento.\" \/>\n<meta property=\"og:url\" content=\"https:\/\/environpact.com\/es\/riesgos-y-seguridad-operativa\/\" \/>\n<meta property=\"og:site_name\" content=\"EnvironPact\" \/>\n<meta property=\"article:modified_time\" content=\"2025-01-24T22:17:43+00:00\" \/>\n<meta property=\"og:image\" content=\"https:\/\/environpact.com\/wp-content\/uploads\/2024\/07\/design-sem-nome-13-e1720469519996.png\" \/>\n\t<meta property=\"og:image:width\" content=\"1440\" \/>\n\t<meta property=\"og:image:height\" content=\"600\" \/>\n\t<meta property=\"og:image:type\" content=\"image\/png\" \/>\n<meta name=\"twitter:card\" content=\"summary_large_image\" \/>\n<script type=\"application\/ld+json\" class=\"yoast-schema-graph\">{\"@context\":\"https:\/\/schema.org\",\"@graph\":[{\"@type\":\"WebPage\",\"@id\":\"https:\/\/environpact.com\/es\/riesgos-y-seguridad-operativa\/\",\"url\":\"https:\/\/environpact.com\/es\/riesgos-y-seguridad-operativa\/\",\"name\":\"RIESGOS Y SEGURIDAD OPERATIVA - EnvironPact\",\"isPartOf\":{\"@id\":\"https:\/\/environpact.com\/es\/#website\"},\"primaryImageOfPage\":{\"@id\":\"https:\/\/environpact.com\/es\/riesgos-y-seguridad-operativa\/#primaryimage\"},\"image\":{\"@id\":\"https:\/\/environpact.com\/es\/riesgos-y-seguridad-operativa\/#primaryimage\"},\"thumbnailUrl\":\"https:\/\/environpact.com\/wp-content\/uploads\/2024\/07\/design-sem-nome-13-e1720469519996.png\",\"datePublished\":\"2024-02-08T18:45:27+00:00\",\"dateModified\":\"2025-01-24T22:17:43+00:00\",\"breadcrumb\":{\"@id\":\"https:\/\/environpact.com\/es\/riesgos-y-seguridad-operativa\/#breadcrumb\"},\"inLanguage\":\"es\",\"potentialAction\":[{\"@type\":\"ReadAction\",\"target\":[\"https:\/\/environpact.com\/es\/riesgos-y-seguridad-operativa\/\"]}]},{\"@type\":\"ImageObject\",\"inLanguage\":\"es\",\"@id\":\"https:\/\/environpact.com\/es\/riesgos-y-seguridad-operativa\/#primaryimage\",\"url\":\"https:\/\/environpact.com\/wp-content\/uploads\/2024\/07\/design-sem-nome-13-e1720469519996.png\",\"contentUrl\":\"https:\/\/environpact.com\/wp-content\/uploads\/2024\/07\/design-sem-nome-13-e1720469519996.png\",\"width\":1440,\"height\":600},{\"@type\":\"BreadcrumbList\",\"@id\":\"https:\/\/environpact.com\/es\/riesgos-y-seguridad-operativa\/#breadcrumb\",\"itemListElement\":[{\"@type\":\"ListItem\",\"position\":1,\"name\":\"In\u00edcio\",\"item\":\"https:\/\/environpact.com\/es\/\"},{\"@type\":\"ListItem\",\"position\":2,\"name\":\"RIESGOS Y SEGURIDAD OPERATIVA\"}]},{\"@type\":\"WebSite\",\"@id\":\"https:\/\/environpact.com\/es\/#website\",\"url\":\"https:\/\/environpact.com\/es\/\",\"name\":\"EnvironPact\",\"description\":\"Servi\u00e7os de consultoria t\u00e9cnica para impacto positivo nas \u00e1reas de Sustentabilidade, Risco e Seguran\u00e7a Operacional e Resili\u00eancia\",\"publisher\":{\"@id\":\"https:\/\/environpact.com\/es\/#organization\"},\"potentialAction\":[{\"@type\":\"SearchAction\",\"target\":{\"@type\":\"EntryPoint\",\"urlTemplate\":\"https:\/\/environpact.com\/es\/?s={search_term_string}\"},\"query-input\":{\"@type\":\"PropertyValueSpecification\",\"valueRequired\":true,\"valueName\":\"search_term_string\"}}],\"inLanguage\":\"es\"},{\"@type\":\"Organization\",\"@id\":\"https:\/\/environpact.com\/es\/#organization\",\"name\":\"EnvironPact\",\"url\":\"https:\/\/environpact.com\/es\/\",\"logo\":{\"@type\":\"ImageObject\",\"inLanguage\":\"es\",\"@id\":\"https:\/\/environpact.com\/es\/#\/schema\/logo\/image\/\",\"url\":\"https:\/\/environpact.com\/wp-content\/uploads\/2024\/02\/logo-environpact-green.svg\",\"contentUrl\":\"https:\/\/environpact.com\/wp-content\/uploads\/2024\/02\/logo-environpact-green.svg\",\"width\":153,\"height\":53,\"caption\":\"EnvironPact\"},\"image\":{\"@id\":\"https:\/\/environpact.com\/es\/#\/schema\/logo\/image\/\"}}]}<\/script>\n<!-- \/ Yoast SEO plugin. -->","yoast_head_json":{"title":"RIESGOS Y SEGURIDAD OPERATIVA - EnvironPact","robots":{"index":"index","follow":"follow","max-snippet":"max-snippet:-1","max-image-preview":"max-image-preview:large","max-video-preview":"max-video-preview:-1"},"canonical":"https:\/\/environpact.com\/es\/riesgos-y-seguridad-operativa\/","og_locale":"es_ES","og_type":"article","og_title":"RIESGOS Y SEGURIDAD OPERATIVA - EnvironPact","og_description":"Trabajamos desde la concepci\u00f3n hasta la implementaci\u00f3n de diversas soluciones encaminadas a prevenir eventos industriales accidentales, cubriendo todas las etapas del ciclo de vida de proyectos con un alto grado de riesgo y complejidad, desde el dise\u00f1o conceptual hasta el desmantelamiento.","og_url":"https:\/\/environpact.com\/es\/riesgos-y-seguridad-operativa\/","og_site_name":"EnvironPact","article_modified_time":"2025-01-24T22:17:43+00:00","og_image":[{"width":1440,"height":600,"url":"https:\/\/environpact.com\/wp-content\/uploads\/2024\/07\/design-sem-nome-13-e1720469519996.png","type":"image\/png"}],"twitter_card":"summary_large_image","schema":{"@context":"https:\/\/schema.org","@graph":[{"@type":"WebPage","@id":"https:\/\/environpact.com\/es\/riesgos-y-seguridad-operativa\/","url":"https:\/\/environpact.com\/es\/riesgos-y-seguridad-operativa\/","name":"RIESGOS Y SEGURIDAD OPERATIVA - EnvironPact","isPartOf":{"@id":"https:\/\/environpact.com\/es\/#website"},"primaryImageOfPage":{"@id":"https:\/\/environpact.com\/es\/riesgos-y-seguridad-operativa\/#primaryimage"},"image":{"@id":"https:\/\/environpact.com\/es\/riesgos-y-seguridad-operativa\/#primaryimage"},"thumbnailUrl":"https:\/\/environpact.com\/wp-content\/uploads\/2024\/07\/design-sem-nome-13-e1720469519996.png","datePublished":"2024-02-08T18:45:27+00:00","dateModified":"2025-01-24T22:17:43+00:00","breadcrumb":{"@id":"https:\/\/environpact.com\/es\/riesgos-y-seguridad-operativa\/#breadcrumb"},"inLanguage":"es","potentialAction":[{"@type":"ReadAction","target":["https:\/\/environpact.com\/es\/riesgos-y-seguridad-operativa\/"]}]},{"@type":"ImageObject","inLanguage":"es","@id":"https:\/\/environpact.com\/es\/riesgos-y-seguridad-operativa\/#primaryimage","url":"https:\/\/environpact.com\/wp-content\/uploads\/2024\/07\/design-sem-nome-13-e1720469519996.png","contentUrl":"https:\/\/environpact.com\/wp-content\/uploads\/2024\/07\/design-sem-nome-13-e1720469519996.png","width":1440,"height":600},{"@type":"BreadcrumbList","@id":"https:\/\/environpact.com\/es\/riesgos-y-seguridad-operativa\/#breadcrumb","itemListElement":[{"@type":"ListItem","position":1,"name":"In\u00edcio","item":"https:\/\/environpact.com\/es\/"},{"@type":"ListItem","position":2,"name":"RIESGOS Y SEGURIDAD OPERATIVA"}]},{"@type":"WebSite","@id":"https:\/\/environpact.com\/es\/#website","url":"https:\/\/environpact.com\/es\/","name":"EnvironPact","description":"Servi\u00e7os de consultoria t\u00e9cnica para impacto positivo nas \u00e1reas de Sustentabilidade, Risco e Seguran\u00e7a Operacional e Resili\u00eancia","publisher":{"@id":"https:\/\/environpact.com\/es\/#organization"},"potentialAction":[{"@type":"SearchAction","target":{"@type":"EntryPoint","urlTemplate":"https:\/\/environpact.com\/es\/?s={search_term_string}"},"query-input":{"@type":"PropertyValueSpecification","valueRequired":true,"valueName":"search_term_string"}}],"inLanguage":"es"},{"@type":"Organization","@id":"https:\/\/environpact.com\/es\/#organization","name":"EnvironPact","url":"https:\/\/environpact.com\/es\/","logo":{"@type":"ImageObject","inLanguage":"es","@id":"https:\/\/environpact.com\/es\/#\/schema\/logo\/image\/","url":"https:\/\/environpact.com\/wp-content\/uploads\/2024\/02\/logo-environpact-green.svg","contentUrl":"https:\/\/environpact.com\/wp-content\/uploads\/2024\/02\/logo-environpact-green.svg","width":153,"height":53,"caption":"EnvironPact"},"image":{"@id":"https:\/\/environpact.com\/es\/#\/schema\/logo\/image\/"}}]}},"_links":{"self":[{"href":"https:\/\/environpact.com\/es\/wp-json\/wp\/v2\/pages\/2458","targetHints":{"allow":["GET"]}}],"collection":[{"href":"https:\/\/environpact.com\/es\/wp-json\/wp\/v2\/pages"}],"about":[{"href":"https:\/\/environpact.com\/es\/wp-json\/wp\/v2\/types\/page"}],"author":[{"embeddable":true,"href":"https:\/\/environpact.com\/es\/wp-json\/wp\/v2\/users\/10"}],"replies":[{"embeddable":true,"href":"https:\/\/environpact.com\/es\/wp-json\/wp\/v2\/comments?post=2458"}],"version-history":[{"count":3,"href":"https:\/\/environpact.com\/es\/wp-json\/wp\/v2\/pages\/2458\/revisions"}],"predecessor-version":[{"id":2462,"href":"https:\/\/environpact.com\/es\/wp-json\/wp\/v2\/pages\/2458\/revisions\/2462"}],"wp:featuredmedia":[{"embeddable":true,"href":"https:\/\/environpact.com\/es\/wp-json\/wp\/v2\/media\/2231"}],"wp:attachment":[{"href":"https:\/\/environpact.com\/es\/wp-json\/wp\/v2\/media?parent=2458"}],"curies":[{"name":"wp","href":"https:\/\/api.w.org\/{rel}","templated":true}]}}