{"id":2463,"date":"2024-02-07T17:12:49","date_gmt":"2024-02-07T20:12:49","guid":{"rendered":"https:\/\/environpact.com\/?page_id=2463"},"modified":"2025-01-24T19:36:30","modified_gmt":"2025-01-24T22:36:30","slug":"resiliencia","status":"publish","type":"page","link":"https:\/\/environpact.com\/es\/resiliencia\/","title":{"rendered":"RESILIENCIA"},"content":{"rendered":"\n<p>Somos la empresa de consultor\u00eda con mayor presencia en el manejo de grandes emergencias en el pa\u00eds. Desde 2009, hemos respondido a emergencias y trabajado para preparar a empresas de diferentes sectores para responder a emergencias y crisis. Nuestros servicios van desde la elaboraci\u00f3n de planes de respuesta hasta la implementaci\u00f3n de capacitaciones y simulaciones personalizadas a las necesidades de cada cliente. EnvironPact es la empresa l\u00edder del pa\u00eds en la implementaci\u00f3n de ICS (Incident Command System &#8211; Sistema de Comando de Incidentes).<\/p>\n","protected":false},"excerpt":{"rendered":"<p>Somos la empresa de consultor\u00eda con mayor presencia en el manejo de grandes emergencias en el pa\u00eds. Desde 2009, hemos respondido a emergencias y trabajado para preparar a empresas de diferentes sectores para responder a emergencias y crisis. Nuestros servicios van desde la elaboraci\u00f3n de planes de respuesta hasta la implementaci\u00f3n de capacitaciones y simulaciones\u2026<\/p>\n","protected":false},"author":10,"featured_media":1929,"parent":0,"menu_order":20,"comment_status":"closed","ping_status":"closed","template":"page-emergencia-e-crises.php","meta":{"_acf_changed":false,"footnotes":""},"class_list":["post-2463","page","type-page","status-publish","has-post-thumbnail","hentry"],"acf":[],"yoast_head":"<!-- This site is optimized with the Yoast SEO plugin v24.5 - https:\/\/yoast.com\/wordpress\/plugins\/seo\/ -->\n<title>RESILIENCIA - EnvironPact<\/title>\n<meta name=\"robots\" content=\"index, follow, max-snippet:-1, max-image-preview:large, max-video-preview:-1\" \/>\n<link rel=\"canonical\" href=\"https:\/\/environpact.com\/es\/resiliencia\/\" \/>\n<meta property=\"og:locale\" content=\"es_ES\" \/>\n<meta property=\"og:type\" content=\"article\" \/>\n<meta property=\"og:title\" content=\"RESILIENCIA - EnvironPact\" \/>\n<meta property=\"og:description\" content=\"Somos la empresa de consultor\u00eda con mayor presencia en el manejo de grandes emergencias en el pa\u00eds. Desde 2009, hemos respondido a emergencias y trabajado para preparar a empresas de diferentes sectores para responder a emergencias y crisis. Nuestros servicios van desde la elaboraci\u00f3n de planes de respuesta hasta la implementaci\u00f3n de capacitaciones y simulaciones\u2026\" \/>\n<meta property=\"og:url\" content=\"https:\/\/environpact.com\/es\/resiliencia\/\" \/>\n<meta property=\"og:site_name\" content=\"EnvironPact\" \/>\n<meta property=\"article:modified_time\" content=\"2025-01-24T22:36:30+00:00\" \/>\n<meta property=\"og:image\" content=\"https:\/\/environpact.com\/wp-content\/uploads\/2024\/03\/bg-service-emergencia-e-crises.jpg\" \/>\n\t<meta property=\"og:image:width\" content=\"1440\" \/>\n\t<meta property=\"og:image:height\" content=\"601\" \/>\n\t<meta property=\"og:image:type\" content=\"image\/jpeg\" \/>\n<meta name=\"twitter:card\" content=\"summary_large_image\" \/>\n<script type=\"application\/ld+json\" class=\"yoast-schema-graph\">{\"@context\":\"https:\/\/schema.org\",\"@graph\":[{\"@type\":\"WebPage\",\"@id\":\"https:\/\/environpact.com\/es\/resiliencia\/\",\"url\":\"https:\/\/environpact.com\/es\/resiliencia\/\",\"name\":\"RESILIENCIA - EnvironPact\",\"isPartOf\":{\"@id\":\"https:\/\/environpact.com\/es\/#website\"},\"primaryImageOfPage\":{\"@id\":\"https:\/\/environpact.com\/es\/resiliencia\/#primaryimage\"},\"image\":{\"@id\":\"https:\/\/environpact.com\/es\/resiliencia\/#primaryimage\"},\"thumbnailUrl\":\"https:\/\/environpact.com\/wp-content\/uploads\/2024\/03\/bg-service-emergencia-e-crises.jpg\",\"datePublished\":\"2024-02-07T20:12:49+00:00\",\"dateModified\":\"2025-01-24T22:36:30+00:00\",\"breadcrumb\":{\"@id\":\"https:\/\/environpact.com\/es\/resiliencia\/#breadcrumb\"},\"inLanguage\":\"es\",\"potentialAction\":[{\"@type\":\"ReadAction\",\"target\":[\"https:\/\/environpact.com\/es\/resiliencia\/\"]}]},{\"@type\":\"ImageObject\",\"inLanguage\":\"es\",\"@id\":\"https:\/\/environpact.com\/es\/resiliencia\/#primaryimage\",\"url\":\"https:\/\/environpact.com\/wp-content\/uploads\/2024\/03\/bg-service-emergencia-e-crises.jpg\",\"contentUrl\":\"https:\/\/environpact.com\/wp-content\/uploads\/2024\/03\/bg-service-emergencia-e-crises.jpg\",\"width\":1440,\"height\":601,\"caption\":\"Legenda 4\"},{\"@type\":\"BreadcrumbList\",\"@id\":\"https:\/\/environpact.com\/es\/resiliencia\/#breadcrumb\",\"itemListElement\":[{\"@type\":\"ListItem\",\"position\":1,\"name\":\"In\u00edcio\",\"item\":\"https:\/\/environpact.com\/es\/\"},{\"@type\":\"ListItem\",\"position\":2,\"name\":\"RESILIENCIA\"}]},{\"@type\":\"WebSite\",\"@id\":\"https:\/\/environpact.com\/es\/#website\",\"url\":\"https:\/\/environpact.com\/es\/\",\"name\":\"EnvironPact\",\"description\":\"Servi\u00e7os de consultoria t\u00e9cnica para impacto positivo nas \u00e1reas de Sustentabilidade, Risco e Seguran\u00e7a Operacional e Resili\u00eancia\",\"publisher\":{\"@id\":\"https:\/\/environpact.com\/es\/#organization\"},\"potentialAction\":[{\"@type\":\"SearchAction\",\"target\":{\"@type\":\"EntryPoint\",\"urlTemplate\":\"https:\/\/environpact.com\/es\/?s={search_term_string}\"},\"query-input\":{\"@type\":\"PropertyValueSpecification\",\"valueRequired\":true,\"valueName\":\"search_term_string\"}}],\"inLanguage\":\"es\"},{\"@type\":\"Organization\",\"@id\":\"https:\/\/environpact.com\/es\/#organization\",\"name\":\"EnvironPact\",\"url\":\"https:\/\/environpact.com\/es\/\",\"logo\":{\"@type\":\"ImageObject\",\"inLanguage\":\"es\",\"@id\":\"https:\/\/environpact.com\/es\/#\/schema\/logo\/image\/\",\"url\":\"https:\/\/environpact.com\/wp-content\/uploads\/2024\/02\/logo-environpact-green.svg\",\"contentUrl\":\"https:\/\/environpact.com\/wp-content\/uploads\/2024\/02\/logo-environpact-green.svg\",\"width\":153,\"height\":53,\"caption\":\"EnvironPact\"},\"image\":{\"@id\":\"https:\/\/environpact.com\/es\/#\/schema\/logo\/image\/\"}}]}<\/script>\n<!-- \/ Yoast SEO plugin. -->","yoast_head_json":{"title":"RESILIENCIA - EnvironPact","robots":{"index":"index","follow":"follow","max-snippet":"max-snippet:-1","max-image-preview":"max-image-preview:large","max-video-preview":"max-video-preview:-1"},"canonical":"https:\/\/environpact.com\/es\/resiliencia\/","og_locale":"es_ES","og_type":"article","og_title":"RESILIENCIA - EnvironPact","og_description":"Somos la empresa de consultor\u00eda con mayor presencia en el manejo de grandes emergencias en el pa\u00eds. Desde 2009, hemos respondido a emergencias y trabajado para preparar a empresas de diferentes sectores para responder a emergencias y crisis. Nuestros servicios van desde la elaboraci\u00f3n de planes de respuesta hasta la implementaci\u00f3n de capacitaciones y simulaciones\u2026","og_url":"https:\/\/environpact.com\/es\/resiliencia\/","og_site_name":"EnvironPact","article_modified_time":"2025-01-24T22:36:30+00:00","og_image":[{"width":1440,"height":601,"url":"https:\/\/environpact.com\/wp-content\/uploads\/2024\/03\/bg-service-emergencia-e-crises.jpg","type":"image\/jpeg"}],"twitter_card":"summary_large_image","schema":{"@context":"https:\/\/schema.org","@graph":[{"@type":"WebPage","@id":"https:\/\/environpact.com\/es\/resiliencia\/","url":"https:\/\/environpact.com\/es\/resiliencia\/","name":"RESILIENCIA - EnvironPact","isPartOf":{"@id":"https:\/\/environpact.com\/es\/#website"},"primaryImageOfPage":{"@id":"https:\/\/environpact.com\/es\/resiliencia\/#primaryimage"},"image":{"@id":"https:\/\/environpact.com\/es\/resiliencia\/#primaryimage"},"thumbnailUrl":"https:\/\/environpact.com\/wp-content\/uploads\/2024\/03\/bg-service-emergencia-e-crises.jpg","datePublished":"2024-02-07T20:12:49+00:00","dateModified":"2025-01-24T22:36:30+00:00","breadcrumb":{"@id":"https:\/\/environpact.com\/es\/resiliencia\/#breadcrumb"},"inLanguage":"es","potentialAction":[{"@type":"ReadAction","target":["https:\/\/environpact.com\/es\/resiliencia\/"]}]},{"@type":"ImageObject","inLanguage":"es","@id":"https:\/\/environpact.com\/es\/resiliencia\/#primaryimage","url":"https:\/\/environpact.com\/wp-content\/uploads\/2024\/03\/bg-service-emergencia-e-crises.jpg","contentUrl":"https:\/\/environpact.com\/wp-content\/uploads\/2024\/03\/bg-service-emergencia-e-crises.jpg","width":1440,"height":601,"caption":"Legenda 4"},{"@type":"BreadcrumbList","@id":"https:\/\/environpact.com\/es\/resiliencia\/#breadcrumb","itemListElement":[{"@type":"ListItem","position":1,"name":"In\u00edcio","item":"https:\/\/environpact.com\/es\/"},{"@type":"ListItem","position":2,"name":"RESILIENCIA"}]},{"@type":"WebSite","@id":"https:\/\/environpact.com\/es\/#website","url":"https:\/\/environpact.com\/es\/","name":"EnvironPact","description":"Servi\u00e7os de consultoria t\u00e9cnica para impacto positivo nas \u00e1reas de Sustentabilidade, Risco e Seguran\u00e7a Operacional e Resili\u00eancia","publisher":{"@id":"https:\/\/environpact.com\/es\/#organization"},"potentialAction":[{"@type":"SearchAction","target":{"@type":"EntryPoint","urlTemplate":"https:\/\/environpact.com\/es\/?s={search_term_string}"},"query-input":{"@type":"PropertyValueSpecification","valueRequired":true,"valueName":"search_term_string"}}],"inLanguage":"es"},{"@type":"Organization","@id":"https:\/\/environpact.com\/es\/#organization","name":"EnvironPact","url":"https:\/\/environpact.com\/es\/","logo":{"@type":"ImageObject","inLanguage":"es","@id":"https:\/\/environpact.com\/es\/#\/schema\/logo\/image\/","url":"https:\/\/environpact.com\/wp-content\/uploads\/2024\/02\/logo-environpact-green.svg","contentUrl":"https:\/\/environpact.com\/wp-content\/uploads\/2024\/02\/logo-environpact-green.svg","width":153,"height":53,"caption":"EnvironPact"},"image":{"@id":"https:\/\/environpact.com\/es\/#\/schema\/logo\/image\/"}}]}},"_links":{"self":[{"href":"https:\/\/environpact.com\/es\/wp-json\/wp\/v2\/pages\/2463","targetHints":{"allow":["GET"]}}],"collection":[{"href":"https:\/\/environpact.com\/es\/wp-json\/wp\/v2\/pages"}],"about":[{"href":"https:\/\/environpact.com\/es\/wp-json\/wp\/v2\/types\/page"}],"author":[{"embeddable":true,"href":"https:\/\/environpact.com\/es\/wp-json\/wp\/v2\/users\/10"}],"replies":[{"embeddable":true,"href":"https:\/\/environpact.com\/es\/wp-json\/wp\/v2\/comments?post=2463"}],"version-history":[{"count":2,"href":"https:\/\/environpact.com\/es\/wp-json\/wp\/v2\/pages\/2463\/revisions"}],"predecessor-version":[{"id":2466,"href":"https:\/\/environpact.com\/es\/wp-json\/wp\/v2\/pages\/2463\/revisions\/2466"}],"wp:featuredmedia":[{"embeddable":true,"href":"https:\/\/environpact.com\/es\/wp-json\/wp\/v2\/media\/1929"}],"wp:attachment":[{"href":"https:\/\/environpact.com\/es\/wp-json\/wp\/v2\/media?parent=2463"}],"curies":[{"name":"wp","href":"https:\/\/api.w.org\/{rel}","templated":true}]}}